{"id":647,"date":"2021-03-29T02:13:52","date_gmt":"2021-03-29T02:13:52","guid":{"rendered":"http:\/\/localhost\/nuss\/?page_id=647"},"modified":"2025-05-19T16:16:02","modified_gmt":"2025-05-19T16:16:02","slug":"services","status":"publish","type":"page","link":"https:\/\/chimelongsafaripark.com\/fr\/services\/","title":{"rendered":"Services"},"content":{"rendered":"<div data-elementor-type=\"wp-page\" data-elementor-id=\"647\" class=\"elementor elementor-647\">\n\t\t\t\t\t\t<section class=\"elementor-section elementor-top-section elementor-element elementor-element-3353bc8 elementor-section-boxed elementor-section-gap-beside-yes elementor-section-height-default elementor-section-height-default elementor-section-column-vertical-align-stretch\" data-id=\"3353bc8\" data-element_type=\"section\" data-e-type=\"section\">\n\t\t\t\t\t\t<div class=\"elementor-container elementor-column-gap-extended\">\n\t\t\t\t\t<div class=\"elementor-column elementor-col-100 elementor-top-column elementor-element elementor-element-0a2bc64\" data-id=\"0a2bc64\" data-element_type=\"column\" data-e-type=\"column\">\n\t\t\t<div class=\"elementor-widget-wrap elementor-element-populated\">\n\t\t\t\t\t\t<div class=\"elementor-element elementor-element-447e3ef elementor-widget__width-initial elementor-invisible elementor-widget elementor-widget-text-editor\" data-id=\"447e3ef\" data-element_type=\"widget\" data-e-type=\"widget\" data-settings=\"{&quot;_animation&quot;:&quot;nussFadeInUp&quot;}\" data-widget_type=\"text-editor.default\">\n\t\t\t\t<div class=\"elementor-widget-container\">\n\t\t\t\t\t\t\t\t\t<p>Nous faisons de notre mieux pour offrir \u00e0 tous nos clients les services et installations n\u00e9cessaires pour rendre leur s\u00e9jour m\u00e9morable.<\/p>\t\t\t\t\t\t\t\t<\/div>\n\t\t\t\t<\/div>\n\t\t\t\t\t<\/div>\n\t\t<\/div>\n\t\t\t\t\t<\/div>\n\t\t<\/section>\n\t\t<div class=\"elementor-element elementor-element-5036240 e-flex e-con-boxed e-con e-parent\" data-id=\"5036240\" data-element_type=\"container\" data-e-type=\"container\">\n\t\t\t\t\t<div class=\"e-con-inner\">\n\t\t\t\t<div class=\"elementor-element elementor-element-d3f5073 elementor-widget elementor-widget-text-editor\" data-id=\"d3f5073\" data-element_type=\"widget\" data-e-type=\"widget\" data-widget_type=\"text-editor.default\">\n\t\t\t\t<div class=\"elementor-widget-container\">\n\t\t\t\t\t\t\t\t\t<p>### Services \u00e0 l&#039;h\u00f4tel Chimelong (Guangzhou Chimelong Safari Park)<\/p><p>Bienvenue dans l&#039;univers de l&#039;hospitalit\u00e9 incomparable du Chimelong Hotel, un joyau exquis nich\u00e9 au c\u0153ur du vaste complexe touristique de Chimelong, pr\u00e8s du parc safari de Guangzhou Chimelong. Notre engagement \u00e0 cr\u00e9er des exp\u00e9riences extraordinaires pour chaque client se refl\u00e8te dans la vaste gamme de services soigneusement s\u00e9lectionn\u00e9s que nous proposons. D\u00e8s votre arriv\u00e9e, notre \u00e9quipe d\u00e9vou\u00e9e est pr\u00eate \u00e0 transformer votre s\u00e9jour en un m\u00e9lange harmonieux de luxe, d&#039;aventure et de soins personnalis\u00e9s. Que vous soyez une famille en qu\u00eate de vacances magiques, un couple en qu\u00eate d&#039;une escapade romantique ou un voyageur d&#039;affaires en qu\u00eate d&#039;efficacit\u00e9 et de confort, les services du Chimelong Hotel sont con\u00e7us pour d\u00e9passer vos attentes et r\u00e9pondre \u00e0 tous vos besoins, pour que votre s\u00e9jour parmi nous soit tout simplement exceptionnel.<\/p><p>Au c\u0153ur de nos offres se trouve notre souci constant de la satisfaction de nos clients, incarn\u00e9 par un service de conciergerie disponible 24h\/24, pr\u00eat \u00e0 vous assister pour toutes vos demandes, de la r\u00e9servation de billets pour le Chimelong Safari Park \u00e0 l&#039;organisation d&#039;excursions sur mesure \u00e0 Guangzhou. Notre personnel multilingue, parlant couramment plusieurs langues, assure une communication claire et un accueil chaleureux aux voyageurs internationaux, les aidant \u00e0 planifier leurs itin\u00e9raires de voyage, \u00e0 leur recommander des restaurants locaux et \u00e0 r\u00e9pondre \u00e0 toutes leurs demandes particuli\u00e8res. \u00c0 leur arriv\u00e9e, les clients b\u00e9n\u00e9ficient d&#039;un enregistrement fluide, souvent agr\u00e9ment\u00e9 de cadeaux de bienvenue qui promettent un s\u00e9jour agr\u00e9able. Pour plus de confort, des options d&#039;enregistrement et de d\u00e9part express sont disponibles, minimisant les temps d&#039;attente et vous permettant de profiter pleinement des prestations du complexe.<\/p><p>Nos services de transport sont con\u00e7us pour faciliter vos explorations, avec des navettes gratuites vous reliant au Chimelong Safari Park et aux autres attractions du complexe, comme le Chimelong Paradise et le parc aquatique de Chimelong. Pour ceux qui arrivent de loin, nous proposons un service de transfert depuis et vers l&#039;a\u00e9roport international de Guangzhou Baiyun, situ\u00e9 \u00e0 environ 50 kilom\u00e8tres, pour un trajet sans stress jusqu&#039;\u00e0 notre porte. De plus, un parking sur place est \u00e0 la disposition des clients voyageant en voiture, avec un service de voiturier pour plus de confort. Pour les voyageurs d&#039;affaires ou de loisirs souhaitant s&#039;aventurer au-del\u00e0 du complexe, notre concierge peut organiser la location d&#039;une voiture priv\u00e9e ou vous aider \u00e0 vous d\u00e9placer jusqu&#039;\u00e0 la station de m\u00e9tro Hanxi Changlong, situ\u00e9e \u00e0 proximit\u00e9, sur les lignes 3 et 7.<\/p><p>\u00c0 l&#039;h\u00f4tel Chimelong, la restauration est un service \u00e0 part enti\u00e8re, con\u00e7u pour ravir vos papilles et sublimer votre s\u00e9jour. Nos nombreux restaurants et salons sur place offrent une gamme impressionnante d&#039;exp\u00e9riences culinaires, des sp\u00e9cialit\u00e9s cantonaises authentiques aux plats chinois traditionnels, en passant par des cuisines internationales qui satisferont tous les palais. Vous pourrez savourer de somptueux buffets ou des menus \u00e0 la carte dans un cadre offrant souvent une vue imprenable sur la verdure environnante ou une d\u00e9coration inspir\u00e9e du parc safari voisin. Pour plus de flexibilit\u00e9, le service en chambre est disponible 24h\/24, vous permettant de savourer des repas gastronomiques dans l&#039;intimit\u00e9 et le confort de votre chambre ou suite \u00e9l\u00e9gante. Les r\u00e9gimes alimentaires particuliers sont soigneusement pris en compte, avec des options v\u00e9g\u00e9tariennes, v\u00e9g\u00e9taliennes et hypoallerg\u00e9niques sur demande.<\/p><p>Pour les familles, nos services s&#039;\u00e9tendent \u00e0 la cr\u00e9ation d&#039;un univers de joie et de confort. Nous proposons de nombreux services adapt\u00e9s aux familles, notamment des services de baby-sitting et de garde d&#039;enfants, pour que les parents puissent profiter d&#039;un moment de d\u00e9tente pendant que leurs enfants sont entre de bonnes mains. Des programmes et des centres d&#039;activit\u00e9s pour enfants divertissent les plus jeunes avec des jeux supervis\u00e9s, des activit\u00e9s manuelles et des activit\u00e9s \u00e9ducatives, souvent li\u00e9es \u00e0 la faune du parc safari. Les suites familiales sont \u00e9quip\u00e9es de petites attentions comme des lits b\u00e9b\u00e9, des chaises hautes et des articles de toilette adapt\u00e9s aux enfants, disponibles sur demande, pour que chaque membre de la famille se sente comme chez lui.<\/p><p>Bien-\u00eatre et d\u00e9tente sont les piliers de notre philosophie de service, incarn\u00e9e par notre spa et nos installations de fitness de classe mondiale. Le spa de l&#039;h\u00f4tel Chimelong offre un v\u00e9ritable havre de paix et de ressourcement, avec une vaste gamme de soins, incluant massages, soins du visage et th\u00e9rapies corporelles, inspir\u00e9s \u00e0 la fois des pratiques traditionnelles chinoises et des techniques modernes. Vous pourrez vous d\u00e9tendre dans les saunas, hammams ou bassins d&#039;hydroth\u00e9rapie, tandis que notre centre de fitness enti\u00e8rement \u00e9quip\u00e9 accueille ceux qui souhaitent maintenir leur programme d&#039;entra\u00eenement avec des \u00e9quipements de pointe et des options d&#039;entra\u00eenement personnalis\u00e9. Les piscines int\u00e9rieure et ext\u00e9rieure offrent une escapade rafra\u00eechissante, avec des espaces d\u00e9di\u00e9s aux enfants pour barboter et jouer sous la surveillance des ma\u00eetres-nageurs.<\/p><p>Les voyageurs d&#039;affaires trouveront nos services parfaitement adapt\u00e9s \u00e0 leurs besoins, avec une gamme de salles de r\u00e9union et d&#039;espaces \u00e9v\u00e9nementiels polyvalents, \u00e9quip\u00e9s de technologies audiovisuelles de pointe, du Wi-Fi haut d\u00e9bit et d&#039;am\u00e9nagements ergonomiques pour des r\u00e9unions productives. Notre \u00e9quipe d\u00e9di\u00e9e \u00e0 l&#039;organisation d&#039;\u00e9v\u00e9nements offre un accompagnement complet, de l&#039;organisation de la restauration et des pauses-caf\u00e9 \u00e0 la coordination des exigences techniques et de la d\u00e9coration, garantissant ainsi le bon d\u00e9roulement de vos conf\u00e9rences, s\u00e9minaires et s\u00e9minaires d&#039;entreprise. Nos centres d&#039;affaires offrent un acc\u00e8s \u00e0 des ordinateurs, des services d&#039;impression et des services de secr\u00e9tariat, tandis que nos salons calmes offrent des espaces pour des r\u00e9unions informelles ou un travail concentr\u00e9 dans une atmosph\u00e8re sereine.<\/p><p>Les services de m\u00e9nage et de blanchisserie du Chimelong Hotel sont con\u00e7us pour garantir un confort et une propret\u00e9 irr\u00e9prochables. Le m\u00e9nage quotidien des chambres garantit un environnement impeccable, et le service de pr\u00e9paration de la chambre ajoute une touche de luxe en soir\u00e9e. Des services de blanchisserie, de nettoyage \u00e0 sec et de repassage sont propos\u00e9s aux clients souhaitant garder leurs v\u00eatements propres lors de s\u00e9jours prolong\u00e9s ou d&#039;\u00e9v\u00e9nements sp\u00e9ciaux. Pour plus de s\u00e9curit\u00e9 et de tranquillit\u00e9 d&#039;esprit, nous mettons \u00e0 votre disposition des coffres-forts en chambre, un service de s\u00e9curit\u00e9 24h\/24 et une consigne \u00e0 bagages s\u00e9curis\u00e9e pour les arriv\u00e9es anticip\u00e9es ou les d\u00e9parts tardifs.<\/p><p>Au-del\u00e0 du concret, nos services sont impr\u00e9gn\u00e9s d&#039;un esprit d&#039;\u00e9coute et d&#039;immersion culturelle authentique. Nous sommes fiers de proposer des exp\u00e9riences personnalis\u00e9es qui permettent \u00e0 nos clients de d\u00e9couvrir le charme unique de Guangzhou et les merveilles du Chimelong Safari Park, en proposant souvent un acc\u00e8s gratuit ou \u00e0 tarif r\u00e9duit au parc dans le cadre de nos forfaits s\u00e9jour. Visites guid\u00e9es, ateliers culturels et \u00e9v\u00e9nements saisonniers organis\u00e9s par l&#039;h\u00f4tel permettent aux visiteurs de d\u00e9couvrir le patrimoine local et la beaut\u00e9 naturelle qui caract\u00e9risent cette r\u00e9gion. Notre engagement en faveur du d\u00e9veloppement durable est ancr\u00e9 dans nos activit\u00e9s, avec des initiatives et des pratiques \u00e9co-responsables visant \u00e0 pr\u00e9server l&#039;environnement qui inspire tant notre identit\u00e9.<\/p><p>\u00c0 l&#039;h\u00f4tel Chimelong, chaque service refl\u00e8te notre engagement \u00e0 cr\u00e9er des moments inoubliables qui perdurent apr\u00e8s votre d\u00e9part. Nous vous invitons \u00e0 d\u00e9couvrir la magie de nos offres, o\u00f9 la beaut\u00e9 sauvage du parc safari rencontre l&#039;\u00e9l\u00e9gance raffin\u00e9e d&#039;un accueil cinq \u00e9toiles. Que vous soyez ici pour l&#039;aventure, la d\u00e9tente ou les affaires, notre gamme compl\u00e8te de services vous garantit un s\u00e9jour sur mesure. Contactez-nous d\u00e8s aujourd&#039;hui pour d\u00e9couvrir comment nous pouvons faire de votre s\u00e9jour \u00e0 l&#039;h\u00f4tel Chimelong un voyage inoubliable, avec pour d\u00e9cor enchanteur la destination la plus captivante de Guangzhou.<\/p>\t\t\t\t\t\t\t\t<\/div>\n\t\t\t\t<\/div>\n\t\t\t\t\t<\/div>\n\t\t\t\t<\/div>\n\t\t<div class=\"elementor-element elementor-element-0748f59 e-flex e-con-boxed e-con e-parent\" data-id=\"0748f59\" data-element_type=\"container\" data-e-type=\"container\">\n\t\t\t\t\t<div class=\"e-con-inner\">\n\t\t\t\t<div class=\"elementor-element elementor-element-e817135 elementor-widget elementor-widget-nuss-image-gallery\" data-id=\"e817135\" data-element_type=\"widget\" data-e-type=\"widget\" data-widget_type=\"nuss-image-gallery.default\">\n\t\t\t\t<div class=\"elementor-widget-container\">\n\t\t\t\t\t\t\t<div class=\"nuss-grid-wrapper\" data-grid=\"{&quot;type&quot;:&quot;grid&quot;,&quot;ratio&quot;:null,&quot;columns&quot;:3,&quot;gutter&quot;:30}\">\r\n\t\t\t<div class=\"nuss-grid lazy-grid\">\r\n\t\t\t\t<div class=\"grid-sizer\"><\/div>\r\n\r\n\t\t\t\t\t\t\t\t\t\t\t\t<div class=\"grid-item\">\r\n\t\t\t\t\t\t<div class=\"nuss-box\">\t\t<div class=\"nuss-image image\">\r\n\t\t\t<img decoding=\"async\"  src=\"https:\/\/chimelongsafaripark.com\/wp-content\/uploads\/2025\/05\/chimelongsafaripark-48.webp\" alt=\"Chimelongsafaripark (48)\" \/>\t\t<\/div>\r\n\t\t\t\t<\/div>\t\t\t\t\t<\/div>\r\n\t\t\t\t\t\t<div class=\"grid-item\">\r\n\t\t\t\t\t\t<div class=\"nuss-box\">\t\t<div class=\"nuss-image image\">\r\n\t\t\t<img decoding=\"async\"  src=\"https:\/\/chimelongsafaripark.com\/wp-content\/uploads\/2025\/05\/chimelongsafaripark-46.webp\" alt=\"Chimelongsafaripark (46)\" \/>\t\t<\/div>\r\n\t\t\t\t<\/div>\t\t\t\t\t<\/div>\r\n\t\t\t\t\t\t<div class=\"grid-item\">\r\n\t\t\t\t\t\t<div class=\"nuss-box\">\t\t<div class=\"nuss-image image\">\r\n\t\t\t<img decoding=\"async\"  src=\"https:\/\/chimelongsafaripark.com\/wp-content\/uploads\/2025\/05\/chimelongsafaripark-45.webp\" alt=\"parc safari chimelong (45)\" \/>\t\t<\/div>\r\n\t\t\t\t<\/div>\t\t\t\t\t<\/div>\r\n\t\t\t\t\t\t<div class=\"grid-item\">\r\n\t\t\t\t\t\t<div class=\"nuss-box\">\t\t<div class=\"nuss-image image\">\r\n\t\t\t<img decoding=\"async\"  src=\"https:\/\/chimelongsafaripark.com\/wp-content\/uploads\/2025\/05\/chimelongsafaripark-44.webp\" alt=\"Chimelongsafaripark (44)\" \/>\t\t<\/div>\r\n\t\t\t\t<\/div>\t\t\t\t\t<\/div>\r\n\t\t\t\t\t\t<div class=\"grid-item\">\r\n\t\t\t\t\t\t<div class=\"nuss-box\">\t\t<div class=\"nuss-image image\">\r\n\t\t\t<img decoding=\"async\"  src=\"https:\/\/chimelongsafaripark.com\/wp-content\/uploads\/2025\/05\/chimelongsafaripark-6.webp\" alt=\"Chimelongsafaripark (6)\" \/>\t\t<\/div>\r\n\t\t\t\t<\/div>\t\t\t\t\t<\/div>\r\n\t\t\t\t\t\t<div class=\"grid-item\">\r\n\t\t\t\t\t\t<div class=\"nuss-box\">\t\t<div class=\"nuss-image image\">\r\n\t\t\t<img decoding=\"async\"  src=\"https:\/\/chimelongsafaripark.com\/wp-content\/uploads\/2025\/05\/chimelongsafaripark-5.webp\" alt=\"Chimelongsafaripark (5)\" \/>\t\t<\/div>\r\n\t\t\t\t<\/div>\t\t\t\t\t<\/div>\r\n\t\t\t\t\t\t<div class=\"grid-item\">\r\n\t\t\t\t\t\t<div class=\"nuss-box\">\t\t<div class=\"nuss-image image\">\r\n\t\t\t<img decoding=\"async\"  src=\"https:\/\/chimelongsafaripark.com\/wp-content\/uploads\/2025\/05\/chimelongsafaripark-4.webp\" alt=\"Chimelongsafaripark (4)\" \/>\t\t<\/div>\r\n\t\t\t\t<\/div>\t\t\t\t\t<\/div>\r\n\t\t\t\t\t\t<div class=\"grid-item\">\r\n\t\t\t\t\t\t<div class=\"nuss-box\">\t\t<div class=\"nuss-image image\">\r\n\t\t\t<img decoding=\"async\"  src=\"https:\/\/chimelongsafaripark.com\/wp-content\/uploads\/2025\/05\/chimelongsafaripark-3.webp\" alt=\"Chimelongsafaripark (3)\" \/>\t\t<\/div>\r\n\t\t\t\t<\/div>\t\t\t\t\t<\/div>\r\n\t\t\t\t\t\t<div class=\"grid-item\">\r\n\t\t\t\t\t\t<div class=\"nuss-box\">\t\t<div class=\"nuss-image image\">\r\n\t\t\t<img decoding=\"async\"  src=\"https:\/\/chimelongsafaripark.com\/wp-content\/uploads\/2025\/05\/chimelongsafaripark-2.webp\" alt=\"Chimelongsafaripark (2)\" \/>\t\t<\/div>\r\n\t\t\t\t<\/div>\t\t\t\t\t<\/div>\r\n\t\t\t\t\t\t<div class=\"grid-item\">\r\n\t\t\t\t\t\t<div class=\"nuss-box\">\t\t<div class=\"nuss-image image\">\r\n\t\t\t<img decoding=\"async\"  src=\"https:\/\/chimelongsafaripark.com\/wp-content\/uploads\/2025\/05\/chimelongsafaripark-1.webp\" alt=\"parc safari chimelong (1)\" \/>\t\t<\/div>\r\n\t\t\t\t<\/div>\t\t\t\t\t<\/div>\r\n\t\t\t\t\t\t<div class=\"grid-item\">\r\n\t\t\t\t\t\t<div class=\"nuss-box\">\t\t<div class=\"nuss-image image\">\r\n\t\t\t<img decoding=\"async\"  src=\"https:\/\/chimelongsafaripark.com\/wp-content\/uploads\/2025\/05\/chimelongsafaripark-19.webp\" alt=\"Chimelongsafaripark (19)\" \/>\t\t<\/div>\r\n\t\t\t\t<\/div>\t\t\t\t\t<\/div>\r\n\t\t\t\t\t\t<div class=\"grid-item\">\r\n\t\t\t\t\t\t<div class=\"nuss-box\">\t\t<div class=\"nuss-image image\">\r\n\t\t\t<img decoding=\"async\"  src=\"https:\/\/chimelongsafaripark.com\/wp-content\/uploads\/2025\/05\/chimelongsafaripark-30.webp\" alt=\"Chimelongsafaripark (30)\" \/>\t\t<\/div>\r\n\t\t\t\t<\/div>\t\t\t\t\t<\/div>\r\n\t\t\t\t\t\t\t\r\n\t\t\t<\/div>\r\n\t\t<\/div>\r\n\t\t\t\t\t\t<\/div>\n\t\t\t\t<\/div>\n\t\t\t\t\t<\/div>\n\t\t\t\t<\/div>\n\t\t\t\t<\/div>","protected":false},"excerpt":{"rendered":"<p>We do our best to offer all our guests the services and facilities to make their stay a memorable one. ### Services at Chimelong Hotel (Guangzhou Chimelong Safari Park) Welcome to the world of unparalleled hospitality at Chimelong Hotel, an exquisite gem nestled within the sprawling Chimelong Tourist Resort near Guangzhou Chimelong Safari Park. Our [&hellip;]<\/p>\n","protected":false},"author":1,"featured_media":0,"parent":0,"menu_order":0,"comment_status":"closed","ping_status":"closed","template":"","meta":{"footnotes":""},"class_list":["post-647","page","type-page","status-publish","hentry","post-no-thumbnail"],"_links":{"self":[{"href":"https:\/\/chimelongsafaripark.com\/fr\/wp-json\/wp\/v2\/pages\/647","targetHints":{"allow":["GET"]}}],"collection":[{"href":"https:\/\/chimelongsafaripark.com\/fr\/wp-json\/wp\/v2\/pages"}],"about":[{"href":"https:\/\/chimelongsafaripark.com\/fr\/wp-json\/wp\/v2\/types\/page"}],"author":[{"embeddable":true,"href":"https:\/\/chimelongsafaripark.com\/fr\/wp-json\/wp\/v2\/users\/1"}],"replies":[{"embeddable":true,"href":"https:\/\/chimelongsafaripark.com\/fr\/wp-json\/wp\/v2\/comments?post=647"}],"version-history":[{"count":0,"href":"https:\/\/chimelongsafaripark.com\/fr\/wp-json\/wp\/v2\/pages\/647\/revisions"}],"wp:attachment":[{"href":"https:\/\/chimelongsafaripark.com\/fr\/wp-json\/wp\/v2\/media?parent=647"}],"curies":[{"name":"wp","href":"https:\/\/api.w.org\/{rel}","templated":true}]}}