{"id":5266,"date":"2021-07-18T08:03:35","date_gmt":"2021-07-18T08:03:35","guid":{"rendered":"https:\/\/nuss.uxper.co\/luxury-resort\/?page_id=5266"},"modified":"2025-12-04T14:24:22","modified_gmt":"2025-12-04T14:24:22","slug":"a-propos-de-nous","status":"publish","type":"page","link":"https:\/\/chimelongsafaripark.com\/fr\/about-us\/","title":{"rendered":"\u00c0 propos de nous"},"content":{"rendered":"<div data-elementor-type=\"wp-page\" data-elementor-id=\"5266\" class=\"elementor elementor-5266\">\n\t\t\t\t\t\t<section class=\"elementor-section elementor-top-section elementor-element elementor-element-10416953 elementor-section-boxed elementor-section-gap-beside-yes elementor-section-height-default elementor-section-height-default elementor-section-column-vertical-align-stretch\" data-id=\"10416953\" data-element_type=\"section\" data-e-type=\"section\">\n\t\t\t\t\t\t<div class=\"elementor-container elementor-column-gap-extended\">\n\t\t\t\t\t<div class=\"elementor-column elementor-col-100 elementor-top-column elementor-element elementor-element-29c6aa8\" data-id=\"29c6aa8\" data-element_type=\"column\" data-e-type=\"column\">\n\t\t\t<div class=\"elementor-widget-wrap elementor-element-populated\">\n\t\t\t\t\t\t<div class=\"elementor-element elementor-element-7be18fe7 elementor-widget__width-initial elementor-invisible elementor-widget elementor-widget-text-editor\" data-id=\"7be18fe7\" data-element_type=\"widget\" data-e-type=\"widget\" data-settings=\"{&quot;_animation&quot;:&quot;nussFadeInUp&quot;}\" data-widget_type=\"text-editor.default\">\n\t\t\t\t<div class=\"elementor-widget-container\">\n\t\t\t\t\t\t\t\t\t<p>Bienvenue au Chimelong Hotel, une destination extraordinaire nich\u00e9e au c\u0153ur du parc safari Chimelong de Guangzhou, dans la province du Guangdong, en Chine. Figurant parmi les meilleurs h\u00f4tels de Guangzhou, le Chimelong Hotel allie luxe, aventure et charme naturel, ce qui en fait le choix id\u00e9al pour les familles, les couples et les voyageurs en qu\u00eate d&#039;une escapade unique. Id\u00e9alement situ\u00e9 au c\u0153ur du district de Panyu, cet h\u00f4tel de classe mondiale offre un acc\u00e8s direct \u00e0 l&#039;un des parcs animaliers les plus r\u00e9put\u00e9s de Chine, vous garantissant une exp\u00e9rience inoubliable, riche en \u00e9merveillement et en sensations fortes.<\/p>\t\t\t\t\t\t\t\t<\/div>\n\t\t\t\t<\/div>\n\t\t\t\t\t<\/div>\n\t\t<\/div>\n\t\t\t\t\t<\/div>\n\t\t<\/section>\n\t\t\t\t<section class=\"elementor-section elementor-top-section elementor-element elementor-element-7d18327f elementor-section-boxed elementor-section-gap-beside-yes elementor-section-height-default elementor-section-height-default elementor-section-column-vertical-align-stretch\" data-id=\"7d18327f\" data-element_type=\"section\" data-e-type=\"section\">\n\t\t\t\t\t\t<div class=\"elementor-container elementor-column-gap-extended\">\n\t\t\t\t\t<div class=\"elementor-column elementor-col-50 elementor-top-column elementor-element elementor-element-56533670\" data-id=\"56533670\" data-element_type=\"column\" data-e-type=\"column\">\n\t\t\t<div class=\"elementor-widget-wrap elementor-element-populated\">\n\t\t\t\t\t\t<div class=\"elementor-element elementor-element-19c3f543 elementor-invisible elementor-widget elementor-widget-text-editor\" data-id=\"19c3f543\" data-element_type=\"widget\" data-e-type=\"widget\" data-settings=\"{&quot;_animation&quot;:&quot;nussFadeInUp&quot;}\" data-widget_type=\"text-editor.default\">\n\t\t\t\t<div class=\"elementor-widget-container\">\n\t\t\t\t\t\t\t\t\t<p>\u00c0 l&#039;h\u00f4tel Chimelong, chaque s\u00e9jour est un voyage en pleine nature. Imaginez-vous vous r\u00e9veiller au c\u0153ur de la nature, avec la possibilit\u00e9 d&#039;explorer un vaste parc safari abritant des milliers d&#039;animaux exotiques, des attractions palpitantes et des spectacles captivants \u00e0 deux pas de chez vous. Que vous souhaitiez admirer de majestueuses girafes, rencontrer des tigres blancs rares ou profiter d&#039;animations familiales au Chimelong Safari Park, notre h\u00f4tel vous ouvre les portes d&#039;une aventure sans fin. Apr\u00e8s une journ\u00e9e d&#039;exploration, retrouvez le confort de nos chambres et suites \u00e9l\u00e9gantes, chacune con\u00e7ue pour vous offrir un havre de paix au c\u0153ur de l&#039;animation du parc.<\/p>\t\t\t\t\t\t\t\t<\/div>\n\t\t\t\t<\/div>\n\t\t\t\t\t<\/div>\n\t\t<\/div>\n\t\t\t\t<div class=\"elementor-column elementor-col-50 elementor-top-column elementor-element elementor-element-30f14127\" data-id=\"30f14127\" data-element_type=\"column\" data-e-type=\"column\">\n\t\t\t<div class=\"elementor-widget-wrap elementor-element-populated\">\n\t\t\t\t\t\t<div class=\"elementor-element elementor-element-350da02e elementor-invisible nuss-elementor-loading nuss-slide-in-left elementor-widget elementor-widget-image\" data-id=\"350da02e\" data-element_type=\"widget\" data-e-type=\"widget\" data-settings=\"{&quot;_animation&quot;:&quot;nussSlideInLeft&quot;}\" data-widget_type=\"image.default\">\n\t\t\t\t<div class=\"elementor-widget-container\">\n\t\t\t\t\t\t\t\t\t\t\t\t\t\t\t<img fetchpriority=\"high\" decoding=\"async\" width=\"950\" height=\"600\" src=\"https:\/\/chimelongsafaripark.com\/wp-content\/uploads\/2025\/05\/chimelongsafaripark-107.webp\" class=\"attachment-full size-full wp-image-5664\" alt=\"\" srcset=\"https:\/\/chimelongsafaripark.com\/wp-content\/uploads\/2025\/05\/chimelongsafaripark-107.webp 950w, https:\/\/chimelongsafaripark.com\/wp-content\/uploads\/2025\/05\/chimelongsafaripark-107-300x189.webp 300w, https:\/\/chimelongsafaripark.com\/wp-content\/uploads\/2025\/05\/chimelongsafaripark-107-768x485.webp 768w, https:\/\/chimelongsafaripark.com\/wp-content\/uploads\/2025\/05\/chimelongsafaripark-107-18x12.webp 18w\" sizes=\"(max-width: 950px) 100vw, 950px\" \/>\t\t\t\t\t\t\t\t\t\t\t\t\t\t\t<\/div>\n\t\t\t\t<\/div>\n\t\t\t\t\t<\/div>\n\t\t<\/div>\n\t\t\t\t\t<\/div>\n\t\t<\/section>\n\t\t\t\t<section class=\"elementor-section elementor-top-section elementor-element elementor-element-29fb8578 elementor-section-height-min-height elementor-section-stretched elementor-section-full_width elementor-section-items-stretch elementor-section-height-default elementor-section-column-vertical-align-stretch\" data-id=\"29fb8578\" data-element_type=\"section\" data-e-type=\"section\" data-settings=\"{&quot;stretch_section&quot;:&quot;section-stretched&quot;}\">\n\t\t\t\t\t\t<div class=\"elementor-container elementor-column-gap-no\">\n\t\t\t\t\t<div class=\"elementor-column elementor-col-50 elementor-top-column elementor-element elementor-element-40ac270b\" data-id=\"40ac270b\" data-element_type=\"column\" data-e-type=\"column\">\n\t\t\t<div class=\"elementor-widget-wrap elementor-element-populated\">\n\t\t\t\t\t\t<div class=\"elementor-element elementor-element-20872773 elementor-widget__width-initial elementor-widget-mobile__width-inherit elementor-invisible nuss-elementor-loading nuss-slide-in-right elementor-widget elementor-widget-image\" data-id=\"20872773\" data-element_type=\"widget\" data-e-type=\"widget\" data-settings=\"{&quot;_animation&quot;:&quot;nussSlideInRight&quot;}\" data-widget_type=\"image.default\">\n\t\t\t\t<div class=\"elementor-widget-container\">\n\t\t\t\t\t\t\t\t\t\t\t\t\t\t\t<img decoding=\"async\" width=\"1280\" height=\"853\" src=\"https:\/\/chimelongsafaripark.com\/wp-content\/uploads\/2025\/05\/chimelongsafaripark-112.webp\" class=\"attachment-full size-full wp-image-5669\" alt=\"\" srcset=\"https:\/\/chimelongsafaripark.com\/wp-content\/uploads\/2025\/05\/chimelongsafaripark-112.webp 1280w, https:\/\/chimelongsafaripark.com\/wp-content\/uploads\/2025\/05\/chimelongsafaripark-112-300x200.webp 300w, https:\/\/chimelongsafaripark.com\/wp-content\/uploads\/2025\/05\/chimelongsafaripark-112-1024x682.webp 1024w, https:\/\/chimelongsafaripark.com\/wp-content\/uploads\/2025\/05\/chimelongsafaripark-112-768x512.webp 768w, https:\/\/chimelongsafaripark.com\/wp-content\/uploads\/2025\/05\/chimelongsafaripark-112-18x12.webp 18w\" sizes=\"(max-width: 1280px) 100vw, 1280px\" \/>\t\t\t\t\t\t\t\t\t\t\t\t\t\t\t<\/div>\n\t\t\t\t<\/div>\n\t\t\t\t\t<\/div>\n\t\t<\/div>\n\t\t\t\t<div class=\"elementor-column elementor-col-50 elementor-top-column elementor-element elementor-element-2dac103\" data-id=\"2dac103\" data-element_type=\"column\" data-e-type=\"column\">\n\t\t\t<div class=\"elementor-widget-wrap elementor-element-populated\">\n\t\t\t\t\t\t<div class=\"elementor-element elementor-element-6f1b8966 elementor-invisible elementor-widget elementor-widget-text-editor\" data-id=\"6f1b8966\" data-element_type=\"widget\" data-e-type=\"widget\" data-settings=\"{&quot;_animation&quot;:&quot;nussFadeInUp&quot;}\" data-widget_type=\"text-editor.default\">\n\t\t\t\t<div class=\"elementor-widget-container\">\n\t\t\t\t\t\t\t\t\t<p>L&#039;h\u00f4tel Chimelong se distingue par son engagement \u00e0 cr\u00e9er des exp\u00e9riences immersives et th\u00e9matiques adapt\u00e9es \u00e0 tous les types de voyageurs. Du charmant Ch\u00e2teau de la Girafe \u00e0 l&#039;aventuri\u00e8re Chambre du Chasseur, nos h\u00e9bergements sont con\u00e7us pour vous transporter dans un monde de fantaisie et de d\u00e9couvertes. Chaque chambre est dot\u00e9e d&#039;\u00e9quipements modernes, garantissant luxe et confort sans compromis. Que vous voyagiez avec de jeunes enfants, que vous pr\u00e9voyiez une escapade romantique ou que vous recherchiez des vacances palpitantes, l&#039;h\u00f4tel Chimelong propose une vari\u00e9t\u00e9 de types de chambres et de forfaits adapt\u00e9s \u00e0 vos besoins.<\/p><p>Outre sa proximit\u00e9 avec le Chimelong Safari Park, l&#039;h\u00f4tel propose de nombreuses installations pour sublimer votre s\u00e9jour. Savourez une cuisine vari\u00e9e dans nos restaurants signatures, o\u00f9 saveurs du monde et cuisine cantonaise locale se marient pour un festin des sens. D\u00e9tendez-vous en plongeant dans nos piscines, ressourcez-vous dans notre spa ou poursuivez votre entra\u00eenement dans notre salle de sport ultramoderne. Pour les familles, notre club enfants et nos options de divertissements garantissent aux petits comme aux grands un s\u00e9jour aussi agr\u00e9able. Gr\u00e2ce \u00e0 un accueil exceptionnel et \u00e0 une attention particuli\u00e8re port\u00e9e aux d\u00e9tails, le Chimelong Hotel vous promet une exp\u00e9rience inoubliable, de votre arriv\u00e9e \u00e0 votre d\u00e9part.<\/p>\t\t\t\t\t\t\t\t<\/div>\n\t\t\t\t<\/div>\n\t\t\t\t\t<\/div>\n\t\t<\/div>\n\t\t\t\t\t<\/div>\n\t\t<\/section>\n\t\t\t\t<section class=\"elementor-section elementor-top-section elementor-element elementor-element-9c66b57 elementor-section-height-min-height elementor-section-stretched elementor-section-full_width elementor-section-items-stretch elementor-section-height-default elementor-section-column-vertical-align-stretch\" data-id=\"9c66b57\" data-element_type=\"section\" data-e-type=\"section\" data-settings=\"{&quot;stretch_section&quot;:&quot;section-stretched&quot;}\">\n\t\t\t\t\t\t<div class=\"elementor-container elementor-column-gap-no\">\n\t\t\t\t\t<div class=\"elementor-column elementor-col-50 elementor-top-column elementor-element elementor-element-6aad332\" data-id=\"6aad332\" data-element_type=\"column\" data-e-type=\"column\">\n\t\t\t<div class=\"elementor-widget-wrap elementor-element-populated\">\n\t\t\t\t\t\t<div class=\"elementor-element elementor-element-56bb326 elementor-invisible elementor-widget elementor-widget-text-editor\" data-id=\"56bb326\" data-element_type=\"widget\" data-e-type=\"widget\" data-settings=\"{&quot;_animation&quot;:&quot;nussFadeInUp&quot;}\" data-widget_type=\"text-editor.default\">\n\t\t\t\t<div class=\"elementor-widget-container\">\n\t\t\t\t\t\t\t\t\t<p>Situ\u00e9 \u00e0 quelques minutes en voiture du centre de Guangzhou, le Chimelong Hotel est facilement accessible aux voyageurs nationaux et internationaux. Son emplacement privil\u00e9gi\u00e9 dans le district de Panyu lui permet \u00e9galement de se rendre \u00e0 proximit\u00e9 d&#039;autres attractions de Chimelong, notamment le Chimelong Paradise et le parc aquatique de Chimelong, ce qui en fait un point de d\u00e9part id\u00e9al pour explorer les principales destinations de divertissement de la r\u00e9gion. Que vous pr\u00e9voyiez une escapade d&#039;un week-end, des vacances en famille ou une occasion sp\u00e9ciale, le Chimelong Hotel offre le cadre id\u00e9al pour cr\u00e9er des souvenirs inoubliables.<\/p><p><strong>Pourquoi s\u00e9journer au Chimelong Hotel (Guangzhou Chimelong Safari Park) ?<\/strong><\/p><ul><li>Acc\u00e8s direct au Chimelong Safari Park, qui abrite une faune exotique et des attractions passionnantes.<\/li><li>H\u00e9bergements th\u00e9matiques uniques comme le Ch\u00e2teau Girafe et la Chambre Chasseur pour un s\u00e9jour immersif.<\/li><li>\u00c9quipements adapt\u00e9s aux familles, notamment des clubs pour enfants et des options de divertissement.<\/li><li>Restauration de classe mondiale, installations luxueuses et service exceptionnel.<\/li><li>Emplacement pratique \u00e0 proximit\u00e9 des principaux parcs \u00e0 th\u00e8me et attractions de Guangzhou.<\/li><\/ul><p>Pour ceux qui recherchent un h\u00f4tel \u00e0 Guangzhou alliant luxe et aventure, le Chimelong Hotel est un choix de premier ordre. R\u00e9servez votre s\u00e9jour d\u00e8s aujourd&#039;hui et embarquez pour une escapade inspir\u00e9e du safari, o\u00f9 les merveilles de la nature sauvage rencontrent le confort d&#039;un h\u00f4tel cinq \u00e9toiles. Que vous soyez de passage pour une journ\u00e9e ou pour des vacances prolong\u00e9es, le Chimelong Hotel du Guangzhou Chimelong Safari Park vous invite \u00e0 d\u00e9couvrir un monde d&#039;\u00e9motions, de d\u00e9tente et d&#039;hospitalit\u00e9 incomparable. Un voyage extraordinaire vous attend\u00a0!<\/p>\t\t\t\t\t\t\t\t<\/div>\n\t\t\t\t<\/div>\n\t\t\t\t\t<\/div>\n\t\t<\/div>\n\t\t\t\t<div class=\"elementor-column elementor-col-50 elementor-top-column elementor-element elementor-element-1de6838\" data-id=\"1de6838\" data-element_type=\"column\" data-e-type=\"column\">\n\t\t\t<div class=\"elementor-widget-wrap elementor-element-populated\">\n\t\t\t\t\t\t<div class=\"elementor-element elementor-element-c3cce95 elementor-widget__width-initial elementor-widget-mobile__width-inherit elementor-invisible nuss-elementor-loading nuss-slide-in-right elementor-widget elementor-widget-image\" data-id=\"c3cce95\" data-element_type=\"widget\" data-e-type=\"widget\" data-settings=\"{&quot;_animation&quot;:&quot;nussSlideInRight&quot;}\" data-widget_type=\"image.default\">\n\t\t\t\t<div class=\"elementor-widget-container\">\n\t\t\t\t\t\t\t\t\t\t\t\t\t\t\t<img decoding=\"async\" width=\"1280\" height=\"799\" src=\"https:\/\/chimelongsafaripark.com\/wp-content\/uploads\/2025\/05\/chimelongsafaripark-85.webp\" class=\"attachment-full size-full wp-image-5642\" alt=\"\" srcset=\"https:\/\/chimelongsafaripark.com\/wp-content\/uploads\/2025\/05\/chimelongsafaripark-85.webp 1280w, https:\/\/chimelongsafaripark.com\/wp-content\/uploads\/2025\/05\/chimelongsafaripark-85-300x187.webp 300w, https:\/\/chimelongsafaripark.com\/wp-content\/uploads\/2025\/05\/chimelongsafaripark-85-1024x639.webp 1024w, https:\/\/chimelongsafaripark.com\/wp-content\/uploads\/2025\/05\/chimelongsafaripark-85-768x479.webp 768w, https:\/\/chimelongsafaripark.com\/wp-content\/uploads\/2025\/05\/chimelongsafaripark-85-18x12.webp 18w\" sizes=\"(max-width: 1280px) 100vw, 1280px\" \/>\t\t\t\t\t\t\t\t\t\t\t\t\t\t\t<\/div>\n\t\t\t\t<\/div>\n\t\t\t\t\t<\/div>\n\t\t<\/div>\n\t\t\t\t\t<\/div>\n\t\t<\/section>\n\t\t\t\t<\/div>","protected":false},"excerpt":{"rendered":"<p>Welcome to Chimelong Hotel, an extraordinary destination nestled within the vibrant grounds of Guangzhou Chimelong Safari Park in Guangdong Province, China. As one of the premier hotels in Guangzhou, Chimelong Hotel offers an unrivaled blend of luxury, adventure, and nature-inspired charm, making it the perfect choice for families, couples, and travelers seeking a truly unique [&hellip;]<\/p>\n","protected":false},"author":1,"featured_media":0,"parent":0,"menu_order":0,"comment_status":"closed","ping_status":"closed","template":"","meta":{"footnotes":""},"class_list":["post-5266","page","type-page","status-publish","hentry","post-no-thumbnail"],"_links":{"self":[{"href":"https:\/\/chimelongsafaripark.com\/fr\/wp-json\/wp\/v2\/pages\/5266","targetHints":{"allow":["GET"]}}],"collection":[{"href":"https:\/\/chimelongsafaripark.com\/fr\/wp-json\/wp\/v2\/pages"}],"about":[{"href":"https:\/\/chimelongsafaripark.com\/fr\/wp-json\/wp\/v2\/types\/page"}],"author":[{"embeddable":true,"href":"https:\/\/chimelongsafaripark.com\/fr\/wp-json\/wp\/v2\/users\/1"}],"replies":[{"embeddable":true,"href":"https:\/\/chimelongsafaripark.com\/fr\/wp-json\/wp\/v2\/comments?post=5266"}],"version-history":[{"count":0,"href":"https:\/\/chimelongsafaripark.com\/fr\/wp-json\/wp\/v2\/pages\/5266\/revisions"}],"wp:attachment":[{"href":"https:\/\/chimelongsafaripark.com\/fr\/wp-json\/wp\/v2\/media?parent=5266"}],"curies":[{"name":"wp","href":"https:\/\/api.w.org\/{rel}","templated":true}]}}