{"id":2104,"date":"2021-03-23T09:33:48","date_gmt":"2021-03-23T09:33:48","guid":{"rendered":"http:\/\/localhost\/nuss\/?page_id=167"},"modified":"2025-12-04T14:25:26","modified_gmt":"2025-12-04T14:25:26","slug":"notre-histoire","status":"publish","type":"page","link":"https:\/\/chimelongsafaripark.com\/fr\/our-story\/","title":{"rendered":"Notre histoire"},"content":{"rendered":"<div data-elementor-type=\"wp-page\" data-elementor-id=\"2104\" class=\"elementor elementor-2104\">\n\t\t\t\t\t\t<section class=\"elementor-section elementor-top-section elementor-element elementor-element-8f5bb9d elementor-section-boxed elementor-section-gap-beside-yes elementor-section-height-default elementor-section-height-default elementor-section-column-vertical-align-stretch\" data-id=\"8f5bb9d\" data-element_type=\"section\" data-e-type=\"section\">\n\t\t\t\t\t\t<div class=\"elementor-container elementor-column-gap-extended\">\n\t\t\t\t\t<div class=\"elementor-column elementor-col-100 elementor-top-column elementor-element elementor-element-7ec4215\" data-id=\"7ec4215\" data-element_type=\"column\" data-e-type=\"column\">\n\t\t\t<div class=\"elementor-widget-wrap elementor-element-populated\">\n\t\t\t\t\t\t<div class=\"elementor-element elementor-element-edd9d03 elementor-widget__width-initial elementor-invisible elementor-widget elementor-widget-text-editor\" data-id=\"edd9d03\" data-element_type=\"widget\" data-e-type=\"widget\" data-settings=\"{&quot;_animation&quot;:&quot;nussFadeInUp&quot;}\" data-widget_type=\"text-editor.default\">\n\t\t\t\t<div class=\"elementor-widget-container\">\n\t\t\t\t\t\t\t\t\t<p>Notre histoire commence par le r\u00eave ambitieux du groupe Chimelong, pionnier du tourisme et du divertissement en Chine, de cr\u00e9er une destination alliant harmonieusement l&#039;exaltation de la nature \u00e0 la sophistication de l&#039;h\u00f4tellerie moderne. Int\u00e9gr\u00e9 au vaste complexe h\u00f4telier Chimelong Resort, dans le district de Panyu \u00e0 Guangzhou, le Chimelong Hotel a ouvert ses portes avec pour mission de red\u00e9finir les vacances en famille, les s\u00e9minaires d&#039;entreprise et les escapades de loisirs. Inspir\u00e9 par la proximit\u00e9 du Chimelong Safari Park, l&#039;un des plus grands et des plus r\u00e9put\u00e9s parcs animaliers au monde, l&#039;h\u00f4tel a \u00e9t\u00e9 imagin\u00e9 comme un sanctuaire o\u00f9 les clients pourraient se r\u00e9veiller au son lointain des chants d&#039;animaux exotiques et se retirer dans un havre de paix apr\u00e8s une journ\u00e9e d&#039;exploration.<\/p>\t\t\t\t\t\t\t\t<\/div>\n\t\t\t\t<\/div>\n\t\t\t\t\t<\/div>\n\t\t<\/div>\n\t\t\t\t\t<\/div>\n\t\t<\/section>\n\t\t\t\t<section class=\"elementor-section elementor-top-section elementor-element elementor-element-fcc2c5b elementor-section-boxed elementor-section-gap-beside-yes elementor-section-height-default elementor-section-height-default elementor-section-column-vertical-align-stretch\" data-id=\"fcc2c5b\" data-element_type=\"section\" data-e-type=\"section\">\n\t\t\t\t\t\t<div class=\"elementor-container elementor-column-gap-extended\">\n\t\t\t\t\t<div class=\"elementor-column elementor-col-100 elementor-top-column elementor-element elementor-element-2f7d653\" data-id=\"2f7d653\" data-element_type=\"column\" data-e-type=\"column\">\n\t\t\t<div class=\"elementor-widget-wrap elementor-element-populated\">\n\t\t\t\t\t\t<section class=\"elementor-section elementor-inner-section elementor-element elementor-element-6f6d8ba elementor-section-boxed elementor-section-gap-beside-yes elementor-section-height-default elementor-section-height-default elementor-section-column-vertical-align-stretch\" data-id=\"6f6d8ba\" data-element_type=\"section\" data-e-type=\"section\">\n\t\t\t\t\t\t<div class=\"elementor-container elementor-column-gap-extended\">\n\t\t\t\t\t<div class=\"elementor-column elementor-col-50 elementor-inner-column elementor-element elementor-element-0878be6\" data-id=\"0878be6\" data-element_type=\"column\" data-e-type=\"column\">\n\t\t\t<div class=\"elementor-widget-wrap elementor-element-populated\">\n\t\t\t\t\t\t<div class=\"elementor-element elementor-element-2ba7908 elementor-invisible elementor-widget elementor-widget-text-editor\" data-id=\"2ba7908\" data-element_type=\"widget\" data-e-type=\"widget\" data-settings=\"{&quot;_animation&quot;:&quot;nussFadeInUp&quot;}\" data-widget_type=\"text-editor.default\">\n\t\t\t\t<div class=\"elementor-widget-container\">\n\t\t\t\t\t\t\t\t\t<p>D\u00e8s sa cr\u00e9ation, l&#039;h\u00f4tel Chimelong a \u00e9t\u00e9 con\u00e7u comme un havre d&#039;harmonie, refl\u00e9tant la beaut\u00e9 naturelle de son environnement dans les moindres d\u00e9tails. L&#039;architecture et la d\u00e9coration s&#039;inspirent des paysages luxuriants et de la faune diversifi\u00e9e du parc safari adjacent, avec des chambres th\u00e9matiques et des espaces sereins qui \u00e9voquent l&#039;aventure et la tranquillit\u00e9. Au fil des ans, nous sommes devenus une destination pris\u00e9e, accueillant de nombreux couples, familles et voyageurs d&#039;affaires en qu\u00eate d&#039;un s\u00e9jour plus qu&#039;\u00e9tonnant, mais aussi d&#039;une exp\u00e9rience m\u00ealant \u00e9merveillement et d\u00e9tente.<\/p>\t\t\t\t\t\t\t\t<\/div>\n\t\t\t\t<\/div>\n\t\t\t\t\t<\/div>\n\t\t<\/div>\n\t\t\t\t<div class=\"elementor-column elementor-col-50 elementor-inner-column elementor-element elementor-element-6f3f021\" data-id=\"6f3f021\" data-element_type=\"column\" data-e-type=\"column\">\n\t\t\t<div class=\"elementor-widget-wrap elementor-element-populated\">\n\t\t\t\t\t\t<div class=\"elementor-element elementor-element-63d8463 elementor-invisible nuss-elementor-loading nuss-slide-in-left elementor-widget elementor-widget-image\" data-id=\"63d8463\" data-element_type=\"widget\" data-e-type=\"widget\" data-settings=\"{&quot;_animation&quot;:&quot;nussSlideInLeft&quot;}\" data-widget_type=\"image.default\">\n\t\t\t\t<div class=\"elementor-widget-container\">\n\t\t\t\t\t\t\t\t\t\t\t\t\t\t\t<img fetchpriority=\"high\" decoding=\"async\" width=\"1280\" height=\"853\" src=\"https:\/\/chimelongsafaripark.com\/wp-content\/uploads\/2025\/05\/chimelongsafaripark-103.webp\" class=\"attachment-full size-full wp-image-5660\" alt=\"\" srcset=\"https:\/\/chimelongsafaripark.com\/wp-content\/uploads\/2025\/05\/chimelongsafaripark-103.webp 1280w, https:\/\/chimelongsafaripark.com\/wp-content\/uploads\/2025\/05\/chimelongsafaripark-103-300x200.webp 300w, https:\/\/chimelongsafaripark.com\/wp-content\/uploads\/2025\/05\/chimelongsafaripark-103-1024x682.webp 1024w, https:\/\/chimelongsafaripark.com\/wp-content\/uploads\/2025\/05\/chimelongsafaripark-103-768x512.webp 768w, https:\/\/chimelongsafaripark.com\/wp-content\/uploads\/2025\/05\/chimelongsafaripark-103-18x12.webp 18w\" sizes=\"(max-width: 1280px) 100vw, 1280px\" \/>\t\t\t\t\t\t\t\t\t\t\t\t\t\t\t<\/div>\n\t\t\t\t<\/div>\n\t\t\t\t\t<\/div>\n\t\t<\/div>\n\t\t\t\t\t<\/div>\n\t\t<\/section>\n\t\t\t\t<section class=\"elementor-section elementor-inner-section elementor-element elementor-element-0ad233f elementor-section-boxed elementor-section-gap-beside-yes elementor-section-height-default elementor-section-height-default elementor-section-column-vertical-align-stretch\" data-id=\"0ad233f\" data-element_type=\"section\" data-e-type=\"section\">\n\t\t\t\t\t\t<div class=\"elementor-container elementor-column-gap-extended\">\n\t\t\t\t\t<div class=\"elementor-column elementor-col-50 elementor-inner-column elementor-element elementor-element-2cde083\" data-id=\"2cde083\" data-element_type=\"column\" data-e-type=\"column\">\n\t\t\t<div class=\"elementor-widget-wrap elementor-element-populated\">\n\t\t\t\t\t\t<div class=\"elementor-element elementor-element-88ff310 elementor-widget elementor-widget-image\" data-id=\"88ff310\" data-element_type=\"widget\" data-e-type=\"widget\" data-widget_type=\"image.default\">\n\t\t\t\t<div class=\"elementor-widget-container\">\n\t\t\t\t\t\t\t\t\t\t\t\t\t\t\t<img decoding=\"async\" width=\"1024\" height=\"682\" src=\"https:\/\/chimelongsafaripark.com\/wp-content\/uploads\/2025\/05\/chimelongsafaripark-108-1024x682.webp\" class=\"attachment-large size-large wp-image-5665\" alt=\"\" srcset=\"https:\/\/chimelongsafaripark.com\/wp-content\/uploads\/2025\/05\/chimelongsafaripark-108-1024x682.webp 1024w, https:\/\/chimelongsafaripark.com\/wp-content\/uploads\/2025\/05\/chimelongsafaripark-108-300x200.webp 300w, https:\/\/chimelongsafaripark.com\/wp-content\/uploads\/2025\/05\/chimelongsafaripark-108-768x512.webp 768w, https:\/\/chimelongsafaripark.com\/wp-content\/uploads\/2025\/05\/chimelongsafaripark-108-18x12.webp 18w, https:\/\/chimelongsafaripark.com\/wp-content\/uploads\/2025\/05\/chimelongsafaripark-108.webp 1280w\" sizes=\"(max-width: 1024px) 100vw, 1024px\" \/>\t\t\t\t\t\t\t\t\t\t\t\t\t\t\t<\/div>\n\t\t\t\t<\/div>\n\t\t\t\t\t<\/div>\n\t\t<\/div>\n\t\t\t\t<div class=\"elementor-column elementor-col-50 elementor-inner-column elementor-element elementor-element-ccbc7cc\" data-id=\"ccbc7cc\" data-element_type=\"column\" data-e-type=\"column\">\n\t\t\t<div class=\"elementor-widget-wrap elementor-element-populated\">\n\t\t\t\t\t\t<div class=\"elementor-element elementor-element-9956e21 elementor-invisible elementor-widget elementor-widget-text-editor\" data-id=\"9956e21\" data-element_type=\"widget\" data-e-type=\"widget\" data-settings=\"{&quot;_animation&quot;:&quot;nussFadeInUp&quot;}\" data-widget_type=\"text-editor.default\">\n\t\t\t\t<div class=\"elementor-widget-container\">\n\t\t\t\t\t\t\t\t\t<p>Notre parcours est marqu\u00e9 par un engagement envers l&#039;excellence, l&#039;innovation et le d\u00e9veloppement durable. Nous avons continuellement \u00e9volu\u00e9 pour r\u00e9pondre aux besoins de nos clients, en proposant des prestations haut de gamme comme notre spa luxueux, nos salles de r\u00e9union polyvalentes et notre offre de restauration vari\u00e9e qui c\u00e9l\u00e8bre \u00e0 la fois les saveurs cantonaises et les cuisines du monde. Au c\u0153ur de notre histoire se trouve notre engagement \u00e0 cr\u00e9er des liens entre les gens, la nature et des moments inoubliables. Qu&#039;il s&#039;agisse de la premi\u00e8re rencontre d&#039;un enfant avec un animal majestueux au parc safari ou de l&#039;escapade ressour\u00e7ante d&#039;un couple dans notre centre de bien-\u00eatre, le Chimelong Hotel a \u00e9t\u00e9 le th\u00e9\u00e2tre d&#039;innombrables histoires de joie et de d\u00e9couverte.<\/p>\t\t\t\t\t\t\t\t<\/div>\n\t\t\t\t<\/div>\n\t\t\t\t\t<\/div>\n\t\t<\/div>\n\t\t\t\t\t<\/div>\n\t\t<\/section>\n\t\t\t\t<section class=\"elementor-section elementor-inner-section elementor-element elementor-element-c127b44 elementor-section-boxed elementor-section-gap-beside-yes elementor-section-height-default elementor-section-height-default elementor-section-column-vertical-align-stretch\" data-id=\"c127b44\" data-element_type=\"section\" data-e-type=\"section\">\n\t\t\t\t\t\t<div class=\"elementor-container elementor-column-gap-extended\">\n\t\t\t\t\t<div class=\"elementor-column elementor-col-50 elementor-inner-column elementor-element elementor-element-e050279\" data-id=\"e050279\" data-element_type=\"column\" data-e-type=\"column\">\n\t\t\t<div class=\"elementor-widget-wrap elementor-element-populated\">\n\t\t\t\t\t\t<div class=\"elementor-element elementor-element-818ffa2 elementor-invisible elementor-widget elementor-widget-text-editor\" data-id=\"818ffa2\" data-element_type=\"widget\" data-e-type=\"widget\" data-settings=\"{&quot;_animation&quot;:&quot;nussFadeInUp&quot;}\" data-widget_type=\"text-editor.default\">\n\t\t\t\t<div class=\"elementor-widget-container\">\n\t\t\t\t\t\t\t\t\t<p>Tourn\u00e9s vers l&#039;avenir, notre histoire continue de se d\u00e9rouler avec la promesse de pr\u00e9server les valeurs qui nous d\u00e9finissent\u00a0: un service exceptionnel, une gestion responsable de l&#039;environnement et une passion pour le voyage. Le Chimelong Hotel n&#039;est pas seulement une destination\u00a0; c&#039;est l&#039;h\u00e9ritage de r\u00eaves r\u00e9alis\u00e9s, un lieu o\u00f9 la beaut\u00e9 sauvage des paysages de Guangzhou rencontre la chaleur d&#039;une hospitalit\u00e9 sinc\u00e8re. Rejoignez-nous pour ce voyage extraordinaire\u00a0; prenez part \u00e0 notre histoire au Chimelong Hotel, o\u00f9 chaque s\u00e9jour est un chapitre d&#039;un r\u00e9cit d&#039;aventure, de luxe et de rencontres, avec pour d\u00e9cor enchanteur le Chimelong Safari Park.<\/p>\t\t\t\t\t\t\t\t<\/div>\n\t\t\t\t<\/div>\n\t\t\t\t\t<\/div>\n\t\t<\/div>\n\t\t\t\t<div class=\"elementor-column elementor-col-50 elementor-inner-column elementor-element elementor-element-6cab6d3\" data-id=\"6cab6d3\" data-element_type=\"column\" data-e-type=\"column\">\n\t\t\t<div class=\"elementor-widget-wrap elementor-element-populated\">\n\t\t\t\t\t\t<div class=\"elementor-element elementor-element-abc498c elementor-widget elementor-widget-image\" data-id=\"abc498c\" data-element_type=\"widget\" data-e-type=\"widget\" data-widget_type=\"image.default\">\n\t\t\t\t<div class=\"elementor-widget-container\">\n\t\t\t\t\t\t\t\t\t\t\t\t\t\t\t<img decoding=\"async\" width=\"1024\" height=\"682\" src=\"https:\/\/chimelongsafaripark.com\/wp-content\/uploads\/2025\/05\/chimelongsafaripark-24-1024x682.webp\" class=\"attachment-large size-large wp-image-5581\" alt=\"\" srcset=\"https:\/\/chimelongsafaripark.com\/wp-content\/uploads\/2025\/05\/chimelongsafaripark-24-1024x682.webp 1024w, https:\/\/chimelongsafaripark.com\/wp-content\/uploads\/2025\/05\/chimelongsafaripark-24-300x200.webp 300w, https:\/\/chimelongsafaripark.com\/wp-content\/uploads\/2025\/05\/chimelongsafaripark-24-768x512.webp 768w, https:\/\/chimelongsafaripark.com\/wp-content\/uploads\/2025\/05\/chimelongsafaripark-24-18x12.webp 18w, https:\/\/chimelongsafaripark.com\/wp-content\/uploads\/2025\/05\/chimelongsafaripark-24.webp 1280w\" sizes=\"(max-width: 1024px) 100vw, 1024px\" \/>\t\t\t\t\t\t\t\t\t\t\t\t\t\t\t<\/div>\n\t\t\t\t<\/div>\n\t\t\t\t\t<\/div>\n\t\t<\/div>\n\t\t\t\t\t<\/div>\n\t\t<\/section>\n\t\t\t\t\t<\/div>\n\t\t<\/div>\n\t\t\t\t\t<\/div>\n\t\t<\/section>\n\t\t\t\t<\/div>","protected":false},"excerpt":{"rendered":"<p>Our story begins with the ambitious dream of the Chimelong Group, a pioneer in China\u2019s tourism and entertainment industry, to craft a destination that seamlessly integrates the thrill of nature with the sophistication of modern hospitality. Established as part of the expansive Chimelong Resort in Guangzhou\u2019s Panyu District, Chimelong Hotel opened its doors with a [&hellip;]<\/p>\n","protected":false},"author":1,"featured_media":0,"parent":0,"menu_order":0,"comment_status":"closed","ping_status":"closed","template":"","meta":{"footnotes":""},"class_list":["post-2104","page","type-page","status-publish","hentry","post-no-thumbnail"],"_links":{"self":[{"href":"https:\/\/chimelongsafaripark.com\/fr\/wp-json\/wp\/v2\/pages\/2104","targetHints":{"allow":["GET"]}}],"collection":[{"href":"https:\/\/chimelongsafaripark.com\/fr\/wp-json\/wp\/v2\/pages"}],"about":[{"href":"https:\/\/chimelongsafaripark.com\/fr\/wp-json\/wp\/v2\/types\/page"}],"author":[{"embeddable":true,"href":"https:\/\/chimelongsafaripark.com\/fr\/wp-json\/wp\/v2\/users\/1"}],"replies":[{"embeddable":true,"href":"https:\/\/chimelongsafaripark.com\/fr\/wp-json\/wp\/v2\/comments?post=2104"}],"version-history":[{"count":0,"href":"https:\/\/chimelongsafaripark.com\/fr\/wp-json\/wp\/v2\/pages\/2104\/revisions"}],"wp:attachment":[{"href":"https:\/\/chimelongsafaripark.com\/fr\/wp-json\/wp\/v2\/media?parent=2104"}],"curies":[{"name":"wp","href":"https:\/\/api.w.org\/{rel}","templated":true}]}}