{"id":5266,"date":"2021-07-18T08:03:35","date_gmt":"2021-07-18T08:03:35","guid":{"rendered":"https:\/\/nuss.uxper.co\/luxury-resort\/?page_id=5266"},"modified":"2025-12-04T14:24:22","modified_gmt":"2025-12-04T14:24:22","slug":"sobre-nosotros","status":"publish","type":"page","link":"https:\/\/chimelongsafaripark.com\/es\/about-us\/","title":{"rendered":"Sobre nosotros"},"content":{"rendered":"<div data-elementor-type=\"wp-page\" data-elementor-id=\"5266\" class=\"elementor elementor-5266\">\n\t\t\t\t\t\t<section class=\"elementor-section elementor-top-section elementor-element elementor-element-10416953 elementor-section-boxed elementor-section-gap-beside-yes elementor-section-height-default elementor-section-height-default elementor-section-column-vertical-align-stretch\" data-id=\"10416953\" data-element_type=\"section\" data-e-type=\"section\">\n\t\t\t\t\t\t<div class=\"elementor-container elementor-column-gap-extended\">\n\t\t\t\t\t<div class=\"elementor-column elementor-col-100 elementor-top-column elementor-element elementor-element-29c6aa8\" data-id=\"29c6aa8\" data-element_type=\"column\" data-e-type=\"column\">\n\t\t\t<div class=\"elementor-widget-wrap elementor-element-populated\">\n\t\t\t\t\t\t<div class=\"elementor-element elementor-element-7be18fe7 elementor-widget__width-initial elementor-invisible elementor-widget elementor-widget-text-editor\" data-id=\"7be18fe7\" data-element_type=\"widget\" data-e-type=\"widget\" data-settings=\"{&quot;_animation&quot;:&quot;nussFadeInUp&quot;}\" data-widget_type=\"text-editor.default\">\n\t\t\t\t<div class=\"elementor-widget-container\">\n\t\t\t\t\t\t\t\t\t<p>Bienvenido al Hotel Chimelong, un destino extraordinario enclavado en el vibrante Parque Safari Chimelong de Guangzhou, en la provincia de Guangdong, China. Como uno de los hoteles m\u00e1s prestigiosos de Guangzhou, el Hotel Chimelong ofrece una combinaci\u00f3n inigualable de lujo, aventura y encanto natural, lo que lo convierte en la opci\u00f3n perfecta para familias, parejas y viajeros que buscan una escapada verdaderamente \u00fanica. Estrat\u00e9gicamente ubicado en el coraz\u00f3n del distrito de Panyu, este hotel de primera clase ofrece acceso directo a uno de los parques naturales m\u00e1s famosos de China, garantizando una experiencia inolvidable llena de maravillas y emoci\u00f3n.<\/p>\t\t\t\t\t\t\t\t<\/div>\n\t\t\t\t<\/div>\n\t\t\t\t\t<\/div>\n\t\t<\/div>\n\t\t\t\t\t<\/div>\n\t\t<\/section>\n\t\t\t\t<section class=\"elementor-section elementor-top-section elementor-element elementor-element-7d18327f elementor-section-boxed elementor-section-gap-beside-yes elementor-section-height-default elementor-section-height-default elementor-section-column-vertical-align-stretch\" data-id=\"7d18327f\" data-element_type=\"section\" data-e-type=\"section\">\n\t\t\t\t\t\t<div class=\"elementor-container elementor-column-gap-extended\">\n\t\t\t\t\t<div class=\"elementor-column elementor-col-50 elementor-top-column elementor-element elementor-element-56533670\" data-id=\"56533670\" data-element_type=\"column\" data-e-type=\"column\">\n\t\t\t<div class=\"elementor-widget-wrap elementor-element-populated\">\n\t\t\t\t\t\t<div class=\"elementor-element elementor-element-19c3f543 elementor-invisible elementor-widget elementor-widget-text-editor\" data-id=\"19c3f543\" data-element_type=\"widget\" data-e-type=\"widget\" data-settings=\"{&quot;_animation&quot;:&quot;nussFadeInUp&quot;}\" data-widget_type=\"text-editor.default\">\n\t\t\t\t<div class=\"elementor-widget-container\">\n\t\t\t\t\t\t\t\t\t<p>En el Hotel Chimelong, cada estancia es un viaje a la naturaleza. Imagine despertar rodeado de las vistas y los sonidos de la naturaleza, con la oportunidad de explorar un extenso parque safari con miles de animales ex\u00f3ticos, emocionantes atracciones y espect\u00e1culos cautivadores a solo unos pasos de su puerta. Ya sea que se maraville con las majestuosas jirafas, se encuentre con tigres blancos poco comunes o disfrute del entretenimiento familiar en el Parque Safari Chimelong, nuestro hotel es su puerta de entrada a una aventura sin fin. Despu\u00e9s de un d\u00eda explorando, regrese a la comodidad de nuestras elegantes habitaciones y suites, cada una dise\u00f1ada para brindar un remanso de paz en medio de la emoci\u00f3n del parque.<\/p>\t\t\t\t\t\t\t\t<\/div>\n\t\t\t\t<\/div>\n\t\t\t\t\t<\/div>\n\t\t<\/div>\n\t\t\t\t<div class=\"elementor-column elementor-col-50 elementor-top-column elementor-element elementor-element-30f14127\" data-id=\"30f14127\" data-element_type=\"column\" data-e-type=\"column\">\n\t\t\t<div class=\"elementor-widget-wrap elementor-element-populated\">\n\t\t\t\t\t\t<div class=\"elementor-element elementor-element-350da02e elementor-invisible nuss-elementor-loading nuss-slide-in-left elementor-widget elementor-widget-image\" data-id=\"350da02e\" data-element_type=\"widget\" data-e-type=\"widget\" data-settings=\"{&quot;_animation&quot;:&quot;nussSlideInLeft&quot;}\" data-widget_type=\"image.default\">\n\t\t\t\t<div class=\"elementor-widget-container\">\n\t\t\t\t\t\t\t\t\t\t\t\t\t\t\t<img fetchpriority=\"high\" decoding=\"async\" width=\"950\" height=\"600\" src=\"https:\/\/chimelongsafaripark.com\/wp-content\/uploads\/2025\/05\/chimelongsafaripark-107.webp\" class=\"attachment-full size-full wp-image-5664\" alt=\"\" srcset=\"https:\/\/chimelongsafaripark.com\/wp-content\/uploads\/2025\/05\/chimelongsafaripark-107.webp 950w, https:\/\/chimelongsafaripark.com\/wp-content\/uploads\/2025\/05\/chimelongsafaripark-107-300x189.webp 300w, https:\/\/chimelongsafaripark.com\/wp-content\/uploads\/2025\/05\/chimelongsafaripark-107-768x485.webp 768w, https:\/\/chimelongsafaripark.com\/wp-content\/uploads\/2025\/05\/chimelongsafaripark-107-18x12.webp 18w\" sizes=\"(max-width: 950px) 100vw, 950px\" \/>\t\t\t\t\t\t\t\t\t\t\t\t\t\t\t<\/div>\n\t\t\t\t<\/div>\n\t\t\t\t\t<\/div>\n\t\t<\/div>\n\t\t\t\t\t<\/div>\n\t\t<\/section>\n\t\t\t\t<section class=\"elementor-section elementor-top-section elementor-element elementor-element-29fb8578 elementor-section-height-min-height elementor-section-stretched elementor-section-full_width elementor-section-items-stretch elementor-section-height-default elementor-section-column-vertical-align-stretch\" data-id=\"29fb8578\" data-element_type=\"section\" data-e-type=\"section\" data-settings=\"{&quot;stretch_section&quot;:&quot;section-stretched&quot;}\">\n\t\t\t\t\t\t<div class=\"elementor-container elementor-column-gap-no\">\n\t\t\t\t\t<div class=\"elementor-column elementor-col-50 elementor-top-column elementor-element elementor-element-40ac270b\" data-id=\"40ac270b\" data-element_type=\"column\" data-e-type=\"column\">\n\t\t\t<div class=\"elementor-widget-wrap elementor-element-populated\">\n\t\t\t\t\t\t<div class=\"elementor-element elementor-element-20872773 elementor-widget__width-initial elementor-widget-mobile__width-inherit elementor-invisible nuss-elementor-loading nuss-slide-in-right elementor-widget elementor-widget-image\" data-id=\"20872773\" data-element_type=\"widget\" data-e-type=\"widget\" data-settings=\"{&quot;_animation&quot;:&quot;nussSlideInRight&quot;}\" data-widget_type=\"image.default\">\n\t\t\t\t<div class=\"elementor-widget-container\">\n\t\t\t\t\t\t\t\t\t\t\t\t\t\t\t<img decoding=\"async\" width=\"1280\" height=\"853\" src=\"https:\/\/chimelongsafaripark.com\/wp-content\/uploads\/2025\/05\/chimelongsafaripark-112.webp\" class=\"attachment-full size-full wp-image-5669\" alt=\"\" srcset=\"https:\/\/chimelongsafaripark.com\/wp-content\/uploads\/2025\/05\/chimelongsafaripark-112.webp 1280w, https:\/\/chimelongsafaripark.com\/wp-content\/uploads\/2025\/05\/chimelongsafaripark-112-300x200.webp 300w, https:\/\/chimelongsafaripark.com\/wp-content\/uploads\/2025\/05\/chimelongsafaripark-112-1024x682.webp 1024w, https:\/\/chimelongsafaripark.com\/wp-content\/uploads\/2025\/05\/chimelongsafaripark-112-768x512.webp 768w, https:\/\/chimelongsafaripark.com\/wp-content\/uploads\/2025\/05\/chimelongsafaripark-112-18x12.webp 18w\" sizes=\"(max-width: 1280px) 100vw, 1280px\" \/>\t\t\t\t\t\t\t\t\t\t\t\t\t\t\t<\/div>\n\t\t\t\t<\/div>\n\t\t\t\t\t<\/div>\n\t\t<\/div>\n\t\t\t\t<div class=\"elementor-column elementor-col-50 elementor-top-column elementor-element elementor-element-2dac103\" data-id=\"2dac103\" data-element_type=\"column\" data-e-type=\"column\">\n\t\t\t<div class=\"elementor-widget-wrap elementor-element-populated\">\n\t\t\t\t\t\t<div class=\"elementor-element elementor-element-6f1b8966 elementor-invisible elementor-widget elementor-widget-text-editor\" data-id=\"6f1b8966\" data-element_type=\"widget\" data-e-type=\"widget\" data-settings=\"{&quot;_animation&quot;:&quot;nussFadeInUp&quot;}\" data-widget_type=\"text-editor.default\">\n\t\t\t\t<div class=\"elementor-widget-container\">\n\t\t\t\t\t\t\t\t\t<p>Lo que distingue al Hotel Chimelong es su compromiso con la creaci\u00f3n de experiencias tem\u00e1ticas inmersivas que se adaptan a todo tipo de viajeros. Desde el encantador Castillo de la Jirafa hasta la aventurera Habitaci\u00f3n del Cazador, nuestras habitaciones est\u00e1n dise\u00f1adas para transportarte a un mundo de fantas\u00eda y descubrimiento. Cada habitaci\u00f3n est\u00e1 equipada con comodidades modernas, garantizando que el lujo y la comodidad nunca se vean comprometidos. Ya sea que viajes con ni\u00f1os peque\u00f1os, planees una escapada rom\u00e1ntica o busques unas vacaciones emocionantes, el Hotel Chimelong ofrece una variedad de tipos de habitaciones y paquetes adaptados a tus necesidades.<\/p><p>Adem\u00e1s de su proximidad al Parque Safari Chimelong, el hotel cuenta con una variedad de instalaciones para que su estancia sea a\u00fan mejor. Del\u00e9itese con diversas delicias culinarias en nuestros restaurantes de autor, donde sabores internacionales y cocina cantonesa se fusionan en un deleite para los sentidos. Rel\u00e1jese con un refrescante chapuz\u00f3n en nuestras piscinas, rejuvenezca en nuestro spa o mantenga su rutina de ejercicios en nuestro gimnasio de \u00faltima generaci\u00f3n. Para las familias, nuestro club infantil y nuestras opciones de entretenimiento garantizan que los peque\u00f1os se diviertan tanto como los adultos. Con una hospitalidad excepcional y atenci\u00f3n al detalle, el Hotel Chimelong le garantiza una experiencia inolvidable desde el momento del check-in hasta el check-out.<\/p>\t\t\t\t\t\t\t\t<\/div>\n\t\t\t\t<\/div>\n\t\t\t\t\t<\/div>\n\t\t<\/div>\n\t\t\t\t\t<\/div>\n\t\t<\/section>\n\t\t\t\t<section class=\"elementor-section elementor-top-section elementor-element elementor-element-9c66b57 elementor-section-height-min-height elementor-section-stretched elementor-section-full_width elementor-section-items-stretch elementor-section-height-default elementor-section-column-vertical-align-stretch\" data-id=\"9c66b57\" data-element_type=\"section\" data-e-type=\"section\" data-settings=\"{&quot;stretch_section&quot;:&quot;section-stretched&quot;}\">\n\t\t\t\t\t\t<div class=\"elementor-container elementor-column-gap-no\">\n\t\t\t\t\t<div class=\"elementor-column elementor-col-50 elementor-top-column elementor-element elementor-element-6aad332\" data-id=\"6aad332\" data-element_type=\"column\" data-e-type=\"column\">\n\t\t\t<div class=\"elementor-widget-wrap elementor-element-populated\">\n\t\t\t\t\t\t<div class=\"elementor-element elementor-element-56bb326 elementor-invisible elementor-widget elementor-widget-text-editor\" data-id=\"56bb326\" data-element_type=\"widget\" data-e-type=\"widget\" data-settings=\"{&quot;_animation&quot;:&quot;nussFadeInUp&quot;}\" data-widget_type=\"text-editor.default\">\n\t\t\t\t<div class=\"elementor-widget-container\">\n\t\t\t\t\t\t\t\t\t<p>Ubicado a poca distancia en coche del centro de Cant\u00f3n, el Hotel Chimelong es f\u00e1cilmente accesible tanto para viajeros nacionales como internacionales. Su privilegiada ubicaci\u00f3n en el distrito de Panyu tambi\u00e9n lo sit\u00faa cerca de otras atracciones de Chimelong, como Chimelong Paradise y el Parque Acu\u00e1tico Chimelong, lo que lo convierte en el punto de partida ideal para explorar los principales destinos de entretenimiento de la regi\u00f3n. Ya sea que est\u00e9 planeando una escapada de fin de semana, unas vacaciones familiares o una celebraci\u00f3n especial, el Hotel Chimelong le ofrece el entorno perfecto para crear recuerdos inolvidables.<\/p><p><strong>\u00bfPor qu\u00e9 alojarse en el Chimelong Hotel (Guangzhou Chimelong Safari Park)?<\/strong><\/p><ul><li>Acceso directo al Parque Safari Chimelong, hogar de ex\u00f3tica vida salvaje y emocionantes atracciones.<\/li><li>Alojamientos tem\u00e1ticos \u00fanicos como Giraffe Castle y Hunter Room para una estad\u00eda inmersiva.<\/li><li>Servicios para toda la familia, incluidos clubes infantiles y opciones de entretenimiento.<\/li><li>Restaurantes de primer nivel, instalaciones de lujo y un servicio excepcional.<\/li><li>Ubicaci\u00f3n conveniente cerca de los principales parques tem\u00e1ticos y atracciones de Guangzhou.<\/li><\/ul><p>Para quienes buscan un hotel en Guangzhou que combine lujo y aventura, el Hotel Chimelong es la mejor opci\u00f3n. Reserve su estancia hoy mismo y disfrute de una escapada de safari donde las maravillas de la naturaleza se fusionan con la comodidad de un refugio de cinco estrellas. Ya sea que est\u00e9 de visita por un d\u00eda o por unas vacaciones m\u00e1s largas, el Hotel Chimelong en el Parque Safari Chimelong de Guangzhou le invita a experimentar un mundo de emoci\u00f3n, relajaci\u00f3n y una hospitalidad inigualable. \u00a1Le espera un viaje extraordinario!<\/p>\t\t\t\t\t\t\t\t<\/div>\n\t\t\t\t<\/div>\n\t\t\t\t\t<\/div>\n\t\t<\/div>\n\t\t\t\t<div class=\"elementor-column elementor-col-50 elementor-top-column elementor-element elementor-element-1de6838\" data-id=\"1de6838\" data-element_type=\"column\" data-e-type=\"column\">\n\t\t\t<div class=\"elementor-widget-wrap elementor-element-populated\">\n\t\t\t\t\t\t<div class=\"elementor-element elementor-element-c3cce95 elementor-widget__width-initial elementor-widget-mobile__width-inherit elementor-invisible nuss-elementor-loading nuss-slide-in-right elementor-widget elementor-widget-image\" data-id=\"c3cce95\" data-element_type=\"widget\" data-e-type=\"widget\" data-settings=\"{&quot;_animation&quot;:&quot;nussSlideInRight&quot;}\" data-widget_type=\"image.default\">\n\t\t\t\t<div class=\"elementor-widget-container\">\n\t\t\t\t\t\t\t\t\t\t\t\t\t\t\t<img decoding=\"async\" width=\"1280\" height=\"799\" src=\"https:\/\/chimelongsafaripark.com\/wp-content\/uploads\/2025\/05\/chimelongsafaripark-85.webp\" class=\"attachment-full size-full wp-image-5642\" alt=\"\" srcset=\"https:\/\/chimelongsafaripark.com\/wp-content\/uploads\/2025\/05\/chimelongsafaripark-85.webp 1280w, https:\/\/chimelongsafaripark.com\/wp-content\/uploads\/2025\/05\/chimelongsafaripark-85-300x187.webp 300w, https:\/\/chimelongsafaripark.com\/wp-content\/uploads\/2025\/05\/chimelongsafaripark-85-1024x639.webp 1024w, https:\/\/chimelongsafaripark.com\/wp-content\/uploads\/2025\/05\/chimelongsafaripark-85-768x479.webp 768w, https:\/\/chimelongsafaripark.com\/wp-content\/uploads\/2025\/05\/chimelongsafaripark-85-18x12.webp 18w\" sizes=\"(max-width: 1280px) 100vw, 1280px\" \/>\t\t\t\t\t\t\t\t\t\t\t\t\t\t\t<\/div>\n\t\t\t\t<\/div>\n\t\t\t\t\t<\/div>\n\t\t<\/div>\n\t\t\t\t\t<\/div>\n\t\t<\/section>\n\t\t\t\t<\/div>","protected":false},"excerpt":{"rendered":"<p>Welcome to Chimelong Hotel, an extraordinary destination nestled within the vibrant grounds of Guangzhou Chimelong Safari Park in Guangdong Province, China. As one of the premier hotels in Guangzhou, Chimelong Hotel offers an unrivaled blend of luxury, adventure, and nature-inspired charm, making it the perfect choice for families, couples, and travelers seeking a truly unique [&hellip;]<\/p>\n","protected":false},"author":1,"featured_media":0,"parent":0,"menu_order":0,"comment_status":"closed","ping_status":"closed","template":"","meta":{"footnotes":""},"class_list":["post-5266","page","type-page","status-publish","hentry","post-no-thumbnail"],"_links":{"self":[{"href":"https:\/\/chimelongsafaripark.com\/es\/wp-json\/wp\/v2\/pages\/5266","targetHints":{"allow":["GET"]}}],"collection":[{"href":"https:\/\/chimelongsafaripark.com\/es\/wp-json\/wp\/v2\/pages"}],"about":[{"href":"https:\/\/chimelongsafaripark.com\/es\/wp-json\/wp\/v2\/types\/page"}],"author":[{"embeddable":true,"href":"https:\/\/chimelongsafaripark.com\/es\/wp-json\/wp\/v2\/users\/1"}],"replies":[{"embeddable":true,"href":"https:\/\/chimelongsafaripark.com\/es\/wp-json\/wp\/v2\/comments?post=5266"}],"version-history":[{"count":0,"href":"https:\/\/chimelongsafaripark.com\/es\/wp-json\/wp\/v2\/pages\/5266\/revisions"}],"wp:attachment":[{"href":"https:\/\/chimelongsafaripark.com\/es\/wp-json\/wp\/v2\/media?parent=5266"}],"curies":[{"name":"wp","href":"https:\/\/api.w.org\/{rel}","templated":true}]}}