{"id":2109,"date":"2021-03-26T08:35:58","date_gmt":"2021-03-26T08:35:58","guid":{"rendered":"http:\/\/localhost\/nuss\/?page_id=536"},"modified":"2025-12-04T14:25:17","modified_gmt":"2025-12-04T14:25:17","slug":"sala-de-reuniones","status":"publish","type":"page","link":"https:\/\/chimelongsafaripark.com\/es\/meeting-room\/","title":{"rendered":"Sala de reuniones"},"content":{"rendered":"<div data-elementor-type=\"wp-page\" data-elementor-id=\"2109\" class=\"elementor elementor-2109\">\n\t\t\t\t\t\t<section class=\"elementor-section elementor-top-section elementor-element elementor-element-bb2901b elementor-section-boxed elementor-section-gap-beside-yes elementor-section-height-default elementor-section-height-default elementor-section-column-vertical-align-stretch\" data-id=\"bb2901b\" data-element_type=\"section\" data-e-type=\"section\">\n\t\t\t\t\t\t<div class=\"elementor-container elementor-column-gap-extended\">\n\t\t\t\t\t<div class=\"elementor-column elementor-col-100 elementor-top-column elementor-element elementor-element-1919db9\" data-id=\"1919db9\" data-element_type=\"column\" data-e-type=\"column\">\n\t\t\t<div class=\"elementor-widget-wrap elementor-element-populated\">\n\t\t\t\t\t\t<div class=\"elementor-element elementor-element-41a7b9c elementor-widget__width-initial elementor-invisible elementor-widget elementor-widget-text-editor\" data-id=\"41a7b9c\" data-element_type=\"widget\" data-e-type=\"widget\" data-settings=\"{&quot;_animation&quot;:&quot;nussFadeInUp&quot;}\" data-widget_type=\"text-editor.default\">\n\t\t\t\t<div class=\"elementor-widget-container\">\n\t\t\t\t\t\t\t\t\t<p>Bienvenido a la excelencia profesional en las Salas de Reuniones del Hotel Chimelong, estrat\u00e9gicamente ubicadas en el cautivador Complejo Tur\u00edstico Chimelong, cerca del Parque Safari Chimelong de Guangzhou. Dise\u00f1adas para inspirar la productividad y fomentar la innovaci\u00f3n, nuestras modernas instalaciones para reuniones combinan a la perfecci\u00f3n la sofisticaci\u00f3n moderna con el encanto \u00fanico de estar rodeado de la naturaleza. Ya sea que organice una conferencia corporativa, una reuni\u00f3n estrat\u00e9gica de negocios, un retiro para fomentar el esp\u00edritu de equipo o un evento especial, el Hotel Chimelong le ofrece el entorno ideal para llevar sus reuniones a otro nivel.<\/p>\t\t\t\t\t\t\t\t<\/div>\n\t\t\t\t<\/div>\n\t\t\t\t\t<\/div>\n\t\t<\/div>\n\t\t\t\t\t<\/div>\n\t\t<\/section>\n\t\t<div class=\"elementor-element elementor-element-a85cb2b e-flex e-con-boxed e-con e-parent\" data-id=\"a85cb2b\" data-element_type=\"container\" data-e-type=\"container\">\n\t\t\t\t\t<div class=\"e-con-inner\">\n\t\t\t\t<div class=\"elementor-element elementor-element-a86ab8f elementor-widget elementor-widget-nuss-image-gallery\" data-id=\"a86ab8f\" data-element_type=\"widget\" data-e-type=\"widget\" data-widget_type=\"nuss-image-gallery.default\">\n\t\t\t\t<div class=\"elementor-widget-container\">\n\t\t\t\t\t\t\t<div class=\"nuss-grid-wrapper\" data-grid=\"{&quot;type&quot;:&quot;grid&quot;,&quot;ratio&quot;:null,&quot;columns&quot;:3,&quot;gutter&quot;:30}\">\r\n\t\t\t<div class=\"nuss-grid lazy-grid\">\r\n\t\t\t\t<div class=\"grid-sizer\"><\/div>\r\n\r\n\t\t\t\t\t\t\t\t\t\t\t\t<div class=\"grid-item\">\r\n\t\t\t\t\t\t<div class=\"nuss-box\">\t\t<div class=\"nuss-image image\">\r\n\t\t\t<img decoding=\"async\"  src=\"https:\/\/chimelongsafaripark.com\/wp-content\/uploads\/2025\/05\/chimelongsafaripark-18.webp\" alt=\"Parque de safari Chimelong (18)\" \/>\t\t<\/div>\r\n\t\t\t\t<\/div>\t\t\t\t\t<\/div>\r\n\t\t\t\t\t\t<div class=\"grid-item\">\r\n\t\t\t\t\t\t<div class=\"nuss-box\">\t\t<div class=\"nuss-image image\">\r\n\t\t\t<img decoding=\"async\"  src=\"https:\/\/chimelongsafaripark.com\/wp-content\/uploads\/2025\/05\/chimelongsafaripark-17.webp\" alt=\"Parque de safari Chimelong (17)\" \/>\t\t<\/div>\r\n\t\t\t\t<\/div>\t\t\t\t\t<\/div>\r\n\t\t\t\t\t\t<div class=\"grid-item\">\r\n\t\t\t\t\t\t<div class=\"nuss-box\">\t\t<div class=\"nuss-image image\">\r\n\t\t\t<img decoding=\"async\"  src=\"https:\/\/chimelongsafaripark.com\/wp-content\/uploads\/2025\/05\/chimelongsafaripark-20.webp\" alt=\"Parque de safari Chimelong (20)\" \/>\t\t<\/div>\r\n\t\t\t\t<\/div>\t\t\t\t\t<\/div>\r\n\t\t\t\t\t\t<div class=\"grid-item\">\r\n\t\t\t\t\t\t<div class=\"nuss-box\">\t\t<div class=\"nuss-image image\">\r\n\t\t\t<img decoding=\"async\"  src=\"https:\/\/chimelongsafaripark.com\/wp-content\/uploads\/2025\/05\/chimelongsafaripark-21.webp\" alt=\"Parque de safari Chimelong (21)\" \/>\t\t<\/div>\r\n\t\t\t\t<\/div>\t\t\t\t\t<\/div>\r\n\t\t\t\t\t\t<div class=\"grid-item\">\r\n\t\t\t\t\t\t<div class=\"nuss-box\">\t\t<div class=\"nuss-image image\">\r\n\t\t\t<img decoding=\"async\"  src=\"https:\/\/chimelongsafaripark.com\/wp-content\/uploads\/2025\/05\/chimelongsafaripark-22.webp\" alt=\"Parque de safari Chimelong (22)\" \/>\t\t<\/div>\r\n\t\t\t\t<\/div>\t\t\t\t\t<\/div>\r\n\t\t\t\t\t\t<div class=\"grid-item\">\r\n\t\t\t\t\t\t<div class=\"nuss-box\">\t\t<div class=\"nuss-image image\">\r\n\t\t\t<img decoding=\"async\"  src=\"https:\/\/chimelongsafaripark.com\/wp-content\/uploads\/2025\/05\/chimelongsafaripark-8.webp\" alt=\"Parque de safari Chimelong (8)\" \/>\t\t<\/div>\r\n\t\t\t\t<\/div>\t\t\t\t\t<\/div>\r\n\t\t\t\t\t\t\t\r\n\t\t\t<\/div>\r\n\t\t<\/div>\r\n\t\t\t\t\t\t<\/div>\n\t\t\t\t<\/div>\n\t\t\t\t\t<\/div>\n\t\t\t\t<\/div>\n\t\t\t\t<section class=\"elementor-section elementor-top-section elementor-element elementor-element-fad87ed elementor-section-boxed elementor-section-gap-beside-yes elementor-section-height-default elementor-section-height-default elementor-section-column-vertical-align-stretch\" data-id=\"fad87ed\" data-element_type=\"section\" data-e-type=\"section\">\n\t\t\t\t\t\t<div class=\"elementor-container elementor-column-gap-extended\">\n\t\t\t\t\t<div class=\"elementor-column elementor-col-50 elementor-top-column elementor-element elementor-element-9b3c6b5\" data-id=\"9b3c6b5\" data-element_type=\"column\" data-e-type=\"column\">\n\t\t\t<div class=\"elementor-widget-wrap elementor-element-populated\">\n\t\t\t\t\t\t<div class=\"elementor-element elementor-element-ce91d58 elementor-invisible nuss-elementor-loading nuss-slide-in-right elementor-widget elementor-widget-image\" data-id=\"ce91d58\" data-element_type=\"widget\" data-e-type=\"widget\" data-settings=\"{&quot;_animation&quot;:&quot;nussSlideInRight&quot;}\" data-widget_type=\"image.default\">\n\t\t\t\t<div class=\"elementor-widget-container\">\n\t\t\t\t\t\t\t\t\t\t\t\t\t\t\t<img fetchpriority=\"high\" decoding=\"async\" width=\"1252\" height=\"853\" src=\"https:\/\/chimelongsafaripark.com\/wp-content\/uploads\/2025\/05\/chimelongsafaripark-23.webp\" class=\"attachment-full size-full wp-image-5580\" alt=\"\" srcset=\"https:\/\/chimelongsafaripark.com\/wp-content\/uploads\/2025\/05\/chimelongsafaripark-23.webp 1252w, https:\/\/chimelongsafaripark.com\/wp-content\/uploads\/2025\/05\/chimelongsafaripark-23-300x204.webp 300w, https:\/\/chimelongsafaripark.com\/wp-content\/uploads\/2025\/05\/chimelongsafaripark-23-1024x698.webp 1024w, https:\/\/chimelongsafaripark.com\/wp-content\/uploads\/2025\/05\/chimelongsafaripark-23-768x523.webp 768w, https:\/\/chimelongsafaripark.com\/wp-content\/uploads\/2025\/05\/chimelongsafaripark-23-18x12.webp 18w\" sizes=\"(max-width: 1252px) 100vw, 1252px\" \/>\t\t\t\t\t\t\t\t\t\t\t\t\t\t\t<\/div>\n\t\t\t\t<\/div>\n\t\t\t\t\t<\/div>\n\t\t<\/div>\n\t\t\t\t<div class=\"elementor-column elementor-col-50 elementor-top-column elementor-element elementor-element-27e1142\" data-id=\"27e1142\" data-element_type=\"column\" data-e-type=\"column\">\n\t\t\t<div class=\"elementor-widget-wrap elementor-element-populated\">\n\t\t\t\t\t\t<div class=\"elementor-element elementor-element-46af239 elementor-invisible elementor-widget elementor-widget-text-editor\" data-id=\"46af239\" data-element_type=\"widget\" data-e-type=\"widget\" data-settings=\"{&quot;_animation&quot;:&quot;nussFadeInUp&quot;}\" data-widget_type=\"text-editor.default\">\n\t\t\t\t<div class=\"elementor-widget-container\">\n\t\t\t\t\t\t\t\t\t<p>Ad\u00e9ntrese en nuestros vers\u00e1tiles espacios de reuni\u00f3n, donde la tecnolog\u00eda de vanguardia se combina con un dise\u00f1o elegante para crear un ambiente propicio para el \u00e9xito. Nuestra gama de salas de reuniones puede albergar grupos de diferentes tama\u00f1os, desde reuniones privadas hasta seminarios a gran escala, con distribuciones flexibles que se adaptan a sus necesidades espec\u00edficas. Equipadas con wifi de alta velocidad, sistemas audiovisuales avanzados y mobiliario ergon\u00f3mico, cada sala garantiza presentaciones fluidas y una colaboraci\u00f3n c\u00f3moda. La luz natural que se cuela por los amplios ventanales y la sutil decoraci\u00f3n inspirada en el cercano parque safari a\u00f1aden un toque refrescante, haciendo que cada sesi\u00f3n sea productiva y memorable.<\/p>\t\t\t\t\t\t\t\t<\/div>\n\t\t\t\t<\/div>\n\t\t\t\t\t<\/div>\n\t\t<\/div>\n\t\t\t\t\t<\/div>\n\t\t<\/section>\n\t\t\t\t<section class=\"elementor-section elementor-top-section elementor-element elementor-element-9645f63 elementor-section-boxed elementor-section-gap-beside-yes elementor-section-height-default elementor-section-height-default elementor-section-column-vertical-align-stretch\" data-id=\"9645f63\" data-element_type=\"section\" data-e-type=\"section\">\n\t\t\t\t\t\t<div class=\"elementor-container elementor-column-gap-extended\">\n\t\t\t\t\t<div class=\"elementor-column elementor-col-50 elementor-top-column elementor-element elementor-element-1855656\" data-id=\"1855656\" data-element_type=\"column\" data-e-type=\"column\">\n\t\t\t<div class=\"elementor-widget-wrap elementor-element-populated\">\n\t\t\t\t\t\t<div class=\"elementor-element elementor-element-e29928c elementor-invisible elementor-widget elementor-widget-text-editor\" data-id=\"e29928c\" data-element_type=\"widget\" data-e-type=\"widget\" data-settings=\"{&quot;_animation&quot;:&quot;nussFadeInUp&quot;}\" data-widget_type=\"text-editor.default\">\n\t\t\t\t<div class=\"elementor-widget-container\">\n\t\t\t\t\t\t\t\t\t<p>En el Hotel Chimelong, entendemos que el \u00e9xito de su evento reside en los detalles. Nuestro dedicado equipo de planificaci\u00f3n de eventos est\u00e1 a su disposici\u00f3n para brindarle apoyo personalizado, desde la preparaci\u00f3n de men\u00fas de catering personalizados con una exquisita combinaci\u00f3n de cocina local e internacional hasta la coordinaci\u00f3n de la instalaci\u00f3n t\u00e9cnica y la decoraci\u00f3n. Las \u00e1reas de descanso y los salones ofrecen el espacio perfecto para hacer networking o relajarse, mientras que la proximidad del hotel al Parque Safari Chimelong permite disfrutar de actividades \u00fanicas fuera de las instalaciones o del ocio posterior a la reuni\u00f3n, combinando los negocios con la emoci\u00f3n de la aventura.<\/p>\t\t\t\t\t\t\t\t<\/div>\n\t\t\t\t<\/div>\n\t\t\t\t\t<\/div>\n\t\t<\/div>\n\t\t\t\t<div class=\"elementor-column elementor-col-50 elementor-top-column elementor-element elementor-element-ec6e38d\" data-id=\"ec6e38d\" data-element_type=\"column\" data-e-type=\"column\">\n\t\t\t<div class=\"elementor-widget-wrap elementor-element-populated\">\n\t\t\t\t\t\t<div class=\"elementor-element elementor-element-477bc87 elementor-invisible nuss-elementor-loading nuss-slide-in-left elementor-widget elementor-widget-image\" data-id=\"477bc87\" data-element_type=\"widget\" data-e-type=\"widget\" data-settings=\"{&quot;_animation&quot;:&quot;nussSlideInLeft&quot;}\" data-widget_type=\"image.default\">\n\t\t\t\t<div class=\"elementor-widget-container\">\n\t\t\t\t\t\t\t\t\t\t\t\t\t\t\t<img decoding=\"async\" width=\"1277\" height=\"853\" src=\"https:\/\/chimelongsafaripark.com\/wp-content\/uploads\/2025\/05\/chimelongsafaripark-111.webp\" class=\"attachment-full size-full wp-image-5668\" alt=\"\" srcset=\"https:\/\/chimelongsafaripark.com\/wp-content\/uploads\/2025\/05\/chimelongsafaripark-111.webp 1277w, https:\/\/chimelongsafaripark.com\/wp-content\/uploads\/2025\/05\/chimelongsafaripark-111-300x200.webp 300w, https:\/\/chimelongsafaripark.com\/wp-content\/uploads\/2025\/05\/chimelongsafaripark-111-1024x684.webp 1024w, https:\/\/chimelongsafaripark.com\/wp-content\/uploads\/2025\/05\/chimelongsafaripark-111-768x513.webp 768w, https:\/\/chimelongsafaripark.com\/wp-content\/uploads\/2025\/05\/chimelongsafaripark-111-18x12.webp 18w\" sizes=\"(max-width: 1277px) 100vw, 1277px\" \/>\t\t\t\t\t\t\t\t\t\t\t\t\t\t\t<\/div>\n\t\t\t\t<\/div>\n\t\t\t\t\t<\/div>\n\t\t<\/div>\n\t\t\t\t\t<\/div>\n\t\t<\/section>\n\t\t\t\t<section class=\"elementor-section elementor-top-section elementor-element elementor-element-e2023fc elementor-section-boxed elementor-section-gap-beside-yes elementor-section-height-default elementor-section-height-default elementor-section-column-vertical-align-stretch\" data-id=\"e2023fc\" data-element_type=\"section\" data-e-type=\"section\">\n\t\t\t\t\t\t<div class=\"elementor-container elementor-column-gap-extended\">\n\t\t\t\t\t<div class=\"elementor-column elementor-col-50 elementor-top-column elementor-element elementor-element-2bd4bb7\" data-id=\"2bd4bb7\" data-element_type=\"column\" data-e-type=\"column\">\n\t\t\t<div class=\"elementor-widget-wrap elementor-element-populated\">\n\t\t\t\t\t\t<div class=\"elementor-element elementor-element-5f9203c elementor-invisible nuss-elementor-loading nuss-slide-in-right elementor-widget elementor-widget-image\" data-id=\"5f9203c\" data-element_type=\"widget\" data-e-type=\"widget\" data-settings=\"{&quot;_animation&quot;:&quot;nussSlideInRight&quot;}\" data-widget_type=\"image.default\">\n\t\t\t\t<div class=\"elementor-widget-container\">\n\t\t\t\t\t\t\t\t\t\t\t\t\t\t\t<img decoding=\"async\" width=\"1280\" height=\"853\" src=\"https:\/\/chimelongsafaripark.com\/wp-content\/uploads\/2025\/05\/chimelongsafaripark-22.webp\" class=\"attachment-full size-full wp-image-5579\" alt=\"\" srcset=\"https:\/\/chimelongsafaripark.com\/wp-content\/uploads\/2025\/05\/chimelongsafaripark-22.webp 1280w, https:\/\/chimelongsafaripark.com\/wp-content\/uploads\/2025\/05\/chimelongsafaripark-22-300x200.webp 300w, https:\/\/chimelongsafaripark.com\/wp-content\/uploads\/2025\/05\/chimelongsafaripark-22-1024x682.webp 1024w, https:\/\/chimelongsafaripark.com\/wp-content\/uploads\/2025\/05\/chimelongsafaripark-22-768x512.webp 768w, https:\/\/chimelongsafaripark.com\/wp-content\/uploads\/2025\/05\/chimelongsafaripark-22-18x12.webp 18w\" sizes=\"(max-width: 1280px) 100vw, 1280px\" \/>\t\t\t\t\t\t\t\t\t\t\t\t\t\t\t<\/div>\n\t\t\t\t<\/div>\n\t\t\t\t\t<\/div>\n\t\t<\/div>\n\t\t\t\t<div class=\"elementor-column elementor-col-50 elementor-top-column elementor-element elementor-element-f2cf712\" data-id=\"f2cf712\" data-element_type=\"column\" data-e-type=\"column\">\n\t\t\t<div class=\"elementor-widget-wrap elementor-element-populated\">\n\t\t\t\t\t\t<div class=\"elementor-element elementor-element-8997853 elementor-invisible elementor-widget elementor-widget-text-editor\" data-id=\"8997853\" data-element_type=\"widget\" data-e-type=\"widget\" data-settings=\"{&quot;_animation&quot;:&quot;nussFadeInUp&quot;}\" data-widget_type=\"text-editor.default\">\n\t\t\t\t<div class=\"elementor-widget-container\">\n\t\t\t\t\t\t\t\t\t<p>Ad\u00e9ntrese en nuestros vers\u00e1tiles espacios de reuni\u00f3n, donde la tecnolog\u00eda de vanguardia se combina con un dise\u00f1o elegante para crear un ambiente propicio para el \u00e9xito. Nuestra gama de salas de reuniones puede albergar grupos de diferentes tama\u00f1os, desde reuniones privadas hasta seminarios a gran escala, con distribuciones flexibles que se adaptan a sus necesidades espec\u00edficas. Equipadas con wifi de alta velocidad, sistemas audiovisuales avanzados y mobiliario ergon\u00f3mico, cada sala garantiza presentaciones fluidas y una colaboraci\u00f3n c\u00f3moda. La luz natural que se cuela por los amplios ventanales y la sutil decoraci\u00f3n inspirada en el cercano parque safari a\u00f1aden un toque refrescante, haciendo que cada sesi\u00f3n sea productiva y memorable.<\/p>\t\t\t\t\t\t\t\t<\/div>\n\t\t\t\t<\/div>\n\t\t\t\t\t<\/div>\n\t\t<\/div>\n\t\t\t\t\t<\/div>\n\t\t<\/section>\n\t\t<div class=\"elementor-element elementor-element-b213197 e-flex e-con-boxed e-con e-parent\" data-id=\"b213197\" data-element_type=\"container\" data-e-type=\"container\">\n\t\t\t\t\t<div class=\"e-con-inner\">\n\t\t\t\t<div class=\"elementor-element elementor-element-10b6ba1 elementor-widget elementor-widget-text-editor\" data-id=\"10b6ba1\" data-element_type=\"widget\" data-e-type=\"widget\" data-widget_type=\"text-editor.default\">\n\t\t\t\t<div class=\"elementor-widget-container\">\n\t\t\t\t\t\t\t\t\t<p>Con los exuberantes paisajes de Guangzhou como tel\u00f3n de fondo, nuestras salas de reuniones ofrecen mucho m\u00e1s que un simple espacio: ofrecen una experiencia. Imagine concluir un exitoso d\u00eda de reuniones con una salida en equipo para explorar la ex\u00f3tica fauna o relajarse con colegas en nuestro lujoso spa. El Hotel Chimelong transforma los eventos empresariales en ocasiones inspiradoras, garantizando que cada participante se vaya con una sensaci\u00f3n de logro y recuerdos inolvidables.<\/p><p>Elija el Hotel Chimelong para su pr\u00f3xima reuni\u00f3n o evento corporativo y descubra por qu\u00e9 somos el destino predilecto de quienes viajan por negocios y buscan funcionalidad y estilo. Cont\u00e1ctenos hoy mismo para reservar su sala de reuniones y perm\u00edtanos ayudarle a crear un evento que combine la excelencia profesional con el extraordinario encanto de un para\u00edso natural.<\/p>\t\t\t\t\t\t\t\t<\/div>\n\t\t\t\t<\/div>\n\t\t\t\t\t<\/div>\n\t\t\t\t<\/div>\n\t\t\t\t<\/div>","protected":false},"excerpt":{"rendered":"<p>Welcome to the epitome of professional excellence at the Meeting Rooms of Chimelong Hotel, strategically located within the captivating Chimelong Tourist Resort near Guangzhou Chimelong Safari Park. Designed to inspire productivity and foster innovation, our state-of-the-art meeting facilities offer a perfect blend of modern sophistication and the unique charm of being surrounded by nature\u2019s wonders. [&hellip;]<\/p>\n","protected":false},"author":1,"featured_media":0,"parent":0,"menu_order":0,"comment_status":"closed","ping_status":"closed","template":"","meta":{"footnotes":""},"class_list":["post-2109","page","type-page","status-publish","hentry","post-no-thumbnail"],"_links":{"self":[{"href":"https:\/\/chimelongsafaripark.com\/es\/wp-json\/wp\/v2\/pages\/2109","targetHints":{"allow":["GET"]}}],"collection":[{"href":"https:\/\/chimelongsafaripark.com\/es\/wp-json\/wp\/v2\/pages"}],"about":[{"href":"https:\/\/chimelongsafaripark.com\/es\/wp-json\/wp\/v2\/types\/page"}],"author":[{"embeddable":true,"href":"https:\/\/chimelongsafaripark.com\/es\/wp-json\/wp\/v2\/users\/1"}],"replies":[{"embeddable":true,"href":"https:\/\/chimelongsafaripark.com\/es\/wp-json\/wp\/v2\/comments?post=2109"}],"version-history":[{"count":0,"href":"https:\/\/chimelongsafaripark.com\/es\/wp-json\/wp\/v2\/pages\/2109\/revisions"}],"wp:attachment":[{"href":"https:\/\/chimelongsafaripark.com\/es\/wp-json\/wp\/v2\/media?parent=2109"}],"curies":[{"name":"wp","href":"https:\/\/api.w.org\/{rel}","templated":true}]}}