{"id":2104,"date":"2021-03-23T09:33:48","date_gmt":"2021-03-23T09:33:48","guid":{"rendered":"http:\/\/localhost\/nuss\/?page_id=167"},"modified":"2025-12-04T14:25:26","modified_gmt":"2025-12-04T14:25:26","slug":"nuestra-historia","status":"publish","type":"page","link":"https:\/\/chimelongsafaripark.com\/es\/our-story\/","title":{"rendered":"Nuestra historia"},"content":{"rendered":"<div data-elementor-type=\"wp-page\" data-elementor-id=\"2104\" class=\"elementor elementor-2104\">\n\t\t\t\t\t\t<section class=\"elementor-section elementor-top-section elementor-element elementor-element-8f5bb9d elementor-section-boxed elementor-section-gap-beside-yes elementor-section-height-default elementor-section-height-default elementor-section-column-vertical-align-stretch\" data-id=\"8f5bb9d\" data-element_type=\"section\" data-e-type=\"section\">\n\t\t\t\t\t\t<div class=\"elementor-container elementor-column-gap-extended\">\n\t\t\t\t\t<div class=\"elementor-column elementor-col-100 elementor-top-column elementor-element elementor-element-7ec4215\" data-id=\"7ec4215\" data-element_type=\"column\" data-e-type=\"column\">\n\t\t\t<div class=\"elementor-widget-wrap elementor-element-populated\">\n\t\t\t\t\t\t<div class=\"elementor-element elementor-element-edd9d03 elementor-widget__width-initial elementor-invisible elementor-widget elementor-widget-text-editor\" data-id=\"edd9d03\" data-element_type=\"widget\" data-e-type=\"widget\" data-settings=\"{&quot;_animation&quot;:&quot;nussFadeInUp&quot;}\" data-widget_type=\"text-editor.default\">\n\t\t\t\t<div class=\"elementor-widget-container\">\n\t\t\t\t\t\t\t\t\t<p>Nuestra historia comienza con el ambicioso sue\u00f1o del Grupo Chimelong, pionero en la industria del turismo y el entretenimiento en China, de crear un destino que integre a la perfecci\u00f3n la emoci\u00f3n de la naturaleza con la sofisticaci\u00f3n de la hospitalidad moderna. Fundado como parte del extenso Chimelong Resort en el distrito de Panyu de Cant\u00f3n, el Hotel Chimelong abri\u00f3 sus puertas con la misi\u00f3n de redefinir las vacaciones familiares, los retiros corporativos y las escapadas de placer. Inspirado por la proximidad al Parque Safari Chimelong, uno de los parques de vida silvestre m\u00e1s grandes y reconocidos del mundo, el hotel fue concebido como un santuario donde los hu\u00e9spedes pudieran despertar con el canto distante de animales ex\u00f3ticos y retirarse al lujo tras un d\u00eda de exploraci\u00f3n.<\/p>\t\t\t\t\t\t\t\t<\/div>\n\t\t\t\t<\/div>\n\t\t\t\t\t<\/div>\n\t\t<\/div>\n\t\t\t\t\t<\/div>\n\t\t<\/section>\n\t\t\t\t<section class=\"elementor-section elementor-top-section elementor-element elementor-element-fcc2c5b elementor-section-boxed elementor-section-gap-beside-yes elementor-section-height-default elementor-section-height-default elementor-section-column-vertical-align-stretch\" data-id=\"fcc2c5b\" data-element_type=\"section\" data-e-type=\"section\">\n\t\t\t\t\t\t<div class=\"elementor-container elementor-column-gap-extended\">\n\t\t\t\t\t<div class=\"elementor-column elementor-col-100 elementor-top-column elementor-element elementor-element-2f7d653\" data-id=\"2f7d653\" data-element_type=\"column\" data-e-type=\"column\">\n\t\t\t<div class=\"elementor-widget-wrap elementor-element-populated\">\n\t\t\t\t\t\t<section class=\"elementor-section elementor-inner-section elementor-element elementor-element-6f6d8ba elementor-section-boxed elementor-section-gap-beside-yes elementor-section-height-default elementor-section-height-default elementor-section-column-vertical-align-stretch\" data-id=\"6f6d8ba\" data-element_type=\"section\" data-e-type=\"section\">\n\t\t\t\t\t\t<div class=\"elementor-container elementor-column-gap-extended\">\n\t\t\t\t\t<div class=\"elementor-column elementor-col-50 elementor-inner-column elementor-element elementor-element-0878be6\" data-id=\"0878be6\" data-element_type=\"column\" data-e-type=\"column\">\n\t\t\t<div class=\"elementor-widget-wrap elementor-element-populated\">\n\t\t\t\t\t\t<div class=\"elementor-element elementor-element-2ba7908 elementor-invisible elementor-widget elementor-widget-text-editor\" data-id=\"2ba7908\" data-element_type=\"widget\" data-e-type=\"widget\" data-settings=\"{&quot;_animation&quot;:&quot;nussFadeInUp&quot;}\" data-widget_type=\"text-editor.default\">\n\t\t\t\t<div class=\"elementor-widget-container\">\n\t\t\t\t\t\t\t\t\t<p>Desde sus inicios, el Hotel Chimelong fue dise\u00f1ado para ser un remanso de armon\u00eda, reflejando la belleza natural de su entorno en cada detalle. La arquitectura y la decoraci\u00f3n se inspiran en los exuberantes paisajes y la diversa fauna del parque safari adyacente, con habitaciones tem\u00e1ticas y espacios serenos que evocan una sensaci\u00f3n de aventura y tranquilidad. Con los a\u00f1os, nos hemos convertido en un destino predilecto, que acoge a innumerables familias, parejas y viajeros de negocios que buscan no solo una estancia, sino una experiencia llena de maravillas y relajaci\u00f3n.<\/p>\t\t\t\t\t\t\t\t<\/div>\n\t\t\t\t<\/div>\n\t\t\t\t\t<\/div>\n\t\t<\/div>\n\t\t\t\t<div class=\"elementor-column elementor-col-50 elementor-inner-column elementor-element elementor-element-6f3f021\" data-id=\"6f3f021\" data-element_type=\"column\" data-e-type=\"column\">\n\t\t\t<div class=\"elementor-widget-wrap elementor-element-populated\">\n\t\t\t\t\t\t<div class=\"elementor-element elementor-element-63d8463 elementor-invisible nuss-elementor-loading nuss-slide-in-left elementor-widget elementor-widget-image\" data-id=\"63d8463\" data-element_type=\"widget\" data-e-type=\"widget\" data-settings=\"{&quot;_animation&quot;:&quot;nussSlideInLeft&quot;}\" data-widget_type=\"image.default\">\n\t\t\t\t<div class=\"elementor-widget-container\">\n\t\t\t\t\t\t\t\t\t\t\t\t\t\t\t<img fetchpriority=\"high\" decoding=\"async\" width=\"1280\" height=\"853\" src=\"https:\/\/chimelongsafaripark.com\/wp-content\/uploads\/2025\/05\/chimelongsafaripark-103.webp\" class=\"attachment-full size-full wp-image-5660\" alt=\"\" srcset=\"https:\/\/chimelongsafaripark.com\/wp-content\/uploads\/2025\/05\/chimelongsafaripark-103.webp 1280w, https:\/\/chimelongsafaripark.com\/wp-content\/uploads\/2025\/05\/chimelongsafaripark-103-300x200.webp 300w, https:\/\/chimelongsafaripark.com\/wp-content\/uploads\/2025\/05\/chimelongsafaripark-103-1024x682.webp 1024w, https:\/\/chimelongsafaripark.com\/wp-content\/uploads\/2025\/05\/chimelongsafaripark-103-768x512.webp 768w, https:\/\/chimelongsafaripark.com\/wp-content\/uploads\/2025\/05\/chimelongsafaripark-103-18x12.webp 18w\" sizes=\"(max-width: 1280px) 100vw, 1280px\" \/>\t\t\t\t\t\t\t\t\t\t\t\t\t\t\t<\/div>\n\t\t\t\t<\/div>\n\t\t\t\t\t<\/div>\n\t\t<\/div>\n\t\t\t\t\t<\/div>\n\t\t<\/section>\n\t\t\t\t<section class=\"elementor-section elementor-inner-section elementor-element elementor-element-0ad233f elementor-section-boxed elementor-section-gap-beside-yes elementor-section-height-default elementor-section-height-default elementor-section-column-vertical-align-stretch\" data-id=\"0ad233f\" data-element_type=\"section\" data-e-type=\"section\">\n\t\t\t\t\t\t<div class=\"elementor-container elementor-column-gap-extended\">\n\t\t\t\t\t<div class=\"elementor-column elementor-col-50 elementor-inner-column elementor-element elementor-element-2cde083\" data-id=\"2cde083\" data-element_type=\"column\" data-e-type=\"column\">\n\t\t\t<div class=\"elementor-widget-wrap elementor-element-populated\">\n\t\t\t\t\t\t<div class=\"elementor-element elementor-element-88ff310 elementor-widget elementor-widget-image\" data-id=\"88ff310\" data-element_type=\"widget\" data-e-type=\"widget\" data-widget_type=\"image.default\">\n\t\t\t\t<div class=\"elementor-widget-container\">\n\t\t\t\t\t\t\t\t\t\t\t\t\t\t\t<img decoding=\"async\" width=\"1024\" height=\"682\" src=\"https:\/\/chimelongsafaripark.com\/wp-content\/uploads\/2025\/05\/chimelongsafaripark-108-1024x682.webp\" class=\"attachment-large size-large wp-image-5665\" alt=\"\" srcset=\"https:\/\/chimelongsafaripark.com\/wp-content\/uploads\/2025\/05\/chimelongsafaripark-108-1024x682.webp 1024w, https:\/\/chimelongsafaripark.com\/wp-content\/uploads\/2025\/05\/chimelongsafaripark-108-300x200.webp 300w, https:\/\/chimelongsafaripark.com\/wp-content\/uploads\/2025\/05\/chimelongsafaripark-108-768x512.webp 768w, https:\/\/chimelongsafaripark.com\/wp-content\/uploads\/2025\/05\/chimelongsafaripark-108-18x12.webp 18w, https:\/\/chimelongsafaripark.com\/wp-content\/uploads\/2025\/05\/chimelongsafaripark-108.webp 1280w\" sizes=\"(max-width: 1024px) 100vw, 1024px\" \/>\t\t\t\t\t\t\t\t\t\t\t\t\t\t\t<\/div>\n\t\t\t\t<\/div>\n\t\t\t\t\t<\/div>\n\t\t<\/div>\n\t\t\t\t<div class=\"elementor-column elementor-col-50 elementor-inner-column elementor-element elementor-element-ccbc7cc\" data-id=\"ccbc7cc\" data-element_type=\"column\" data-e-type=\"column\">\n\t\t\t<div class=\"elementor-widget-wrap elementor-element-populated\">\n\t\t\t\t\t\t<div class=\"elementor-element elementor-element-9956e21 elementor-invisible elementor-widget elementor-widget-text-editor\" data-id=\"9956e21\" data-element_type=\"widget\" data-e-type=\"widget\" data-settings=\"{&quot;_animation&quot;:&quot;nussFadeInUp&quot;}\" data-widget_type=\"text-editor.default\">\n\t\t\t\t<div class=\"elementor-widget-container\">\n\t\t\t\t\t\t\t\t\t<p>Nuestra trayectoria se ha caracterizado por un compromiso con la excelencia, la innovaci\u00f3n y la sostenibilidad. Hemos evolucionado continuamente para satisfacer las necesidades de nuestros hu\u00e9spedes, incorporando servicios de primera clase como nuestro lujoso spa, vers\u00e1tiles salas de reuniones y diversas opciones gastron\u00f3micas que celebran tanto los sabores cantoneses locales como la gastronom\u00eda internacional. En el coraz\u00f3n de nuestra historia se encuentra la dedicaci\u00f3n a crear conexiones entre las personas, la naturaleza y momentos inolvidables. Ya sea el primer encuentro de un ni\u00f1o con un majestuoso animal en el parque safari o una escapada relajante en pareja en nuestro centro de bienestar, el Hotel Chimelong ha sido escenario de innumerables historias de alegr\u00eda y descubrimiento.<\/p>\t\t\t\t\t\t\t\t<\/div>\n\t\t\t\t<\/div>\n\t\t\t\t\t<\/div>\n\t\t<\/div>\n\t\t\t\t\t<\/div>\n\t\t<\/section>\n\t\t\t\t<section class=\"elementor-section elementor-inner-section elementor-element elementor-element-c127b44 elementor-section-boxed elementor-section-gap-beside-yes elementor-section-height-default elementor-section-height-default elementor-section-column-vertical-align-stretch\" data-id=\"c127b44\" data-element_type=\"section\" data-e-type=\"section\">\n\t\t\t\t\t\t<div class=\"elementor-container elementor-column-gap-extended\">\n\t\t\t\t\t<div class=\"elementor-column elementor-col-50 elementor-inner-column elementor-element elementor-element-e050279\" data-id=\"e050279\" data-element_type=\"column\" data-e-type=\"column\">\n\t\t\t<div class=\"elementor-widget-wrap elementor-element-populated\">\n\t\t\t\t\t\t<div class=\"elementor-element elementor-element-818ffa2 elementor-invisible elementor-widget elementor-widget-text-editor\" data-id=\"818ffa2\" data-element_type=\"widget\" data-e-type=\"widget\" data-settings=\"{&quot;_animation&quot;:&quot;nussFadeInUp&quot;}\" data-widget_type=\"text-editor.default\">\n\t\t\t\t<div class=\"elementor-widget-container\">\n\t\t\t\t\t\t\t\t\t<p>Al mirar hacia el futuro, nuestra historia contin\u00faa desarroll\u00e1ndose con la promesa de mantener los valores que nos definen: servicio excepcional, cuidado del medio ambiente y pasi\u00f3n por enriquecer vidas a trav\u00e9s de los viajes. El Hotel Chimelong no es solo un destino; es un legado de sue\u00f1os hechos realidad, un lugar donde la belleza salvaje de los paisajes de Guangzhou se fusiona con la calidez de una hospitalidad cordial. \u00danase a nosotros en este extraordinario viaje: forme parte de nuestra historia en el Hotel Chimelong, donde cada estancia es un cap\u00edtulo de una historia de aventura, lujo y conexi\u00f3n, con el encantador tel\u00f3n de fondo del Parque Safari de Chimelong.<\/p>\t\t\t\t\t\t\t\t<\/div>\n\t\t\t\t<\/div>\n\t\t\t\t\t<\/div>\n\t\t<\/div>\n\t\t\t\t<div class=\"elementor-column elementor-col-50 elementor-inner-column elementor-element elementor-element-6cab6d3\" data-id=\"6cab6d3\" data-element_type=\"column\" data-e-type=\"column\">\n\t\t\t<div class=\"elementor-widget-wrap elementor-element-populated\">\n\t\t\t\t\t\t<div class=\"elementor-element elementor-element-abc498c elementor-widget elementor-widget-image\" data-id=\"abc498c\" data-element_type=\"widget\" data-e-type=\"widget\" data-widget_type=\"image.default\">\n\t\t\t\t<div class=\"elementor-widget-container\">\n\t\t\t\t\t\t\t\t\t\t\t\t\t\t\t<img decoding=\"async\" width=\"1024\" height=\"682\" src=\"https:\/\/chimelongsafaripark.com\/wp-content\/uploads\/2025\/05\/chimelongsafaripark-24-1024x682.webp\" class=\"attachment-large size-large wp-image-5581\" alt=\"\" srcset=\"https:\/\/chimelongsafaripark.com\/wp-content\/uploads\/2025\/05\/chimelongsafaripark-24-1024x682.webp 1024w, https:\/\/chimelongsafaripark.com\/wp-content\/uploads\/2025\/05\/chimelongsafaripark-24-300x200.webp 300w, https:\/\/chimelongsafaripark.com\/wp-content\/uploads\/2025\/05\/chimelongsafaripark-24-768x512.webp 768w, https:\/\/chimelongsafaripark.com\/wp-content\/uploads\/2025\/05\/chimelongsafaripark-24-18x12.webp 18w, https:\/\/chimelongsafaripark.com\/wp-content\/uploads\/2025\/05\/chimelongsafaripark-24.webp 1280w\" sizes=\"(max-width: 1024px) 100vw, 1024px\" \/>\t\t\t\t\t\t\t\t\t\t\t\t\t\t\t<\/div>\n\t\t\t\t<\/div>\n\t\t\t\t\t<\/div>\n\t\t<\/div>\n\t\t\t\t\t<\/div>\n\t\t<\/section>\n\t\t\t\t\t<\/div>\n\t\t<\/div>\n\t\t\t\t\t<\/div>\n\t\t<\/section>\n\t\t\t\t<\/div>","protected":false},"excerpt":{"rendered":"<p>Our story begins with the ambitious dream of the Chimelong Group, a pioneer in China\u2019s tourism and entertainment industry, to craft a destination that seamlessly integrates the thrill of nature with the sophistication of modern hospitality. Established as part of the expansive Chimelong Resort in Guangzhou\u2019s Panyu District, Chimelong Hotel opened its doors with a [&hellip;]<\/p>\n","protected":false},"author":1,"featured_media":0,"parent":0,"menu_order":0,"comment_status":"closed","ping_status":"closed","template":"","meta":{"footnotes":""},"class_list":["post-2104","page","type-page","status-publish","hentry","post-no-thumbnail"],"_links":{"self":[{"href":"https:\/\/chimelongsafaripark.com\/es\/wp-json\/wp\/v2\/pages\/2104","targetHints":{"allow":["GET"]}}],"collection":[{"href":"https:\/\/chimelongsafaripark.com\/es\/wp-json\/wp\/v2\/pages"}],"about":[{"href":"https:\/\/chimelongsafaripark.com\/es\/wp-json\/wp\/v2\/types\/page"}],"author":[{"embeddable":true,"href":"https:\/\/chimelongsafaripark.com\/es\/wp-json\/wp\/v2\/users\/1"}],"replies":[{"embeddable":true,"href":"https:\/\/chimelongsafaripark.com\/es\/wp-json\/wp\/v2\/comments?post=2104"}],"version-history":[{"count":0,"href":"https:\/\/chimelongsafaripark.com\/es\/wp-json\/wp\/v2\/pages\/2104\/revisions"}],"wp:attachment":[{"href":"https:\/\/chimelongsafaripark.com\/es\/wp-json\/wp\/v2\/media?parent=2104"}],"curies":[{"name":"wp","href":"https:\/\/api.w.org\/{rel}","templated":true}]}}