{"id":647,"date":"2021-03-29T02:13:52","date_gmt":"2021-03-29T02:13:52","guid":{"rendered":"http:\/\/localhost\/nuss\/?page_id=647"},"modified":"2025-05-19T16:16:02","modified_gmt":"2025-05-19T16:16:02","slug":"dienstleistungen","status":"publish","type":"page","link":"https:\/\/chimelongsafaripark.com\/de\/services\/","title":{"rendered":"Leistungen"},"content":{"rendered":"<div data-elementor-type=\"wp-page\" data-elementor-id=\"647\" class=\"elementor elementor-647\">\n\t\t\t\t\t\t<section class=\"elementor-section elementor-top-section elementor-element elementor-element-3353bc8 elementor-section-boxed elementor-section-gap-beside-yes elementor-section-height-default elementor-section-height-default elementor-section-column-vertical-align-stretch\" data-id=\"3353bc8\" data-element_type=\"section\" data-e-type=\"section\">\n\t\t\t\t\t\t<div class=\"elementor-container elementor-column-gap-extended\">\n\t\t\t\t\t<div class=\"elementor-column elementor-col-100 elementor-top-column elementor-element elementor-element-0a2bc64\" data-id=\"0a2bc64\" data-element_type=\"column\" data-e-type=\"column\">\n\t\t\t<div class=\"elementor-widget-wrap elementor-element-populated\">\n\t\t\t\t\t\t<div class=\"elementor-element elementor-element-447e3ef elementor-widget__width-initial elementor-invisible elementor-widget elementor-widget-text-editor\" data-id=\"447e3ef\" data-element_type=\"widget\" data-e-type=\"widget\" data-settings=\"{&quot;_animation&quot;:&quot;nussFadeInUp&quot;}\" data-widget_type=\"text-editor.default\">\n\t\t\t\t<div class=\"elementor-widget-container\">\n\t\t\t\t\t\t\t\t\t<p>Wir tun unser Bestes, um allen unseren G\u00e4sten die Dienstleistungen und Einrichtungen zu bieten, die ihren Aufenthalt unvergesslich machen.<\/p>\t\t\t\t\t\t\t\t<\/div>\n\t\t\t\t<\/div>\n\t\t\t\t\t<\/div>\n\t\t<\/div>\n\t\t\t\t\t<\/div>\n\t\t<\/section>\n\t\t<div class=\"elementor-element elementor-element-5036240 e-flex e-con-boxed e-con e-parent\" data-id=\"5036240\" data-element_type=\"container\" data-e-type=\"container\">\n\t\t\t\t\t<div class=\"e-con-inner\">\n\t\t\t\t<div class=\"elementor-element elementor-element-d3f5073 elementor-widget elementor-widget-text-editor\" data-id=\"d3f5073\" data-element_type=\"widget\" data-e-type=\"widget\" data-widget_type=\"text-editor.default\">\n\t\t\t\t<div class=\"elementor-widget-container\">\n\t\t\t\t\t\t\t\t\t<p>### Dienstleistungen im Chimelong Hotel (Guangzhou Chimelong Safari Park)<\/p><p>Willkommen in der Welt unvergleichlicher Gastfreundschaft im Chimelong Hotel, einem exquisiten Juwel im weitl\u00e4ufigen Chimelong Tourist Resort in der N\u00e4he des Guangzhou Chimelong Safari Parks. Unser Engagement, jedem Gast ein au\u00dfergew\u00f6hnliches Erlebnis zu bieten, spiegelt sich in unserem breiten Angebot an sorgf\u00e4ltig ausgew\u00e4hlten Dienstleistungen wider. Von Ihrer Ankunft an sorgt unser engagiertes Team daf\u00fcr, Ihren Aufenthalt in eine harmonische Mischung aus Luxus, Abenteuer und pers\u00f6nlicher Betreuung zu verwandeln. Ob Sie als Familie einen zauberhaften Urlaub verbringen m\u00f6chten, als Paar einen romantischen Kurzurlaub planen oder als Gesch\u00e4ftsreisender Wert auf Effizienz und Komfort legen \u2013 die Dienstleistungen des Chimelong Hotels \u00fcbertreffen Ihre Erwartungen und erf\u00fcllen all Ihre W\u00fcnsche, damit Ihr Aufenthalt bei uns einfach au\u00dfergew\u00f6hnlich wird.<\/p><p>Im Mittelpunkt unseres Angebots steht die Zufriedenheit unserer G\u00e4ste. Unser 24-Stunden-Concierge-Service unterst\u00fctzt Sie gerne bei allen Fragen, von der Buchung von Tickets f\u00fcr den Chimelong Safari Park bis hin zur Organisation ma\u00dfgeschneiderter Ausfl\u00fcge in Guangzhou. Unser mehrsprachiges Personal, das mehrere Sprachen flie\u00dfend beherrscht, sorgt f\u00fcr eine klare Kommunikation und einen herzlichen Empfang internationaler Reisender und unterst\u00fctzt Sie bei der Planung Ihrer Reise, lokalen Empfehlungen und Sonderw\u00fcnschen. Bei Ihrer Ankunft erwartet Sie ein reibungsloser Check-in-Prozess, oft erg\u00e4nzt durch Willkommensgeschenke, die den Grundstein f\u00fcr einen angenehmen Aufenthalt legen. F\u00fcr alle, die zus\u00e4tzlichen Komfort w\u00fcnschen, stehen Express-Check-in und -Check-out-Optionen zur Verf\u00fcgung, die Wartezeiten minimieren und den Genuss des Resortangebots maximieren.<\/p><p>Unsere Transportservices sorgen f\u00fcr m\u00fchelose Erkundungen. Kostenlose Shuttlebusse verbinden Sie mit dem Chimelong Safari Park und anderen Attraktionen des Resorts, wie dem Chimelong Paradise und dem Chimelong Water Park. F\u00fcr G\u00e4ste, die von weit her anreisen, bieten wir einen Flughafentransfer vom und zum etwa 50 Kilometer entfernten internationalen Flughafen Guangzhou Baiyun an, der eine stressfreie Anreise zu uns garantiert. F\u00fcr G\u00e4ste, die mit dem Auto anreisen, stehen Parkpl\u00e4tze vor Ort zur Verf\u00fcgung. Ein Parkservice sorgt f\u00fcr zus\u00e4tzlichen Komfort. F\u00fcr Gesch\u00e4fts- und Urlaubsreisende, die das Resort erkunden m\u00f6chten, organisiert unser Concierge gerne einen privaten Mietwagen oder hilft Ihnen bei der Orientierung zur nahegelegenen U-Bahn-Station Hanxi Changlong der Linien 3 und 7.<\/p><p>Das Speisen im Chimelong Hotel ist ein Service f\u00fcr sich, der Ihren Gaumen verw\u00f6hnt und Ihren Aufenthalt versch\u00f6nert. Unsere zahlreichen Restaurants und Lounges bieten eine beeindruckende Auswahl an kulinarischen Erlebnissen, von authentischen kantonesischen K\u00f6stlichkeiten und traditioneller chinesischer K\u00fcche bis hin zu internationalen Gerichten f\u00fcr jeden Geschmack. Genie\u00dfen Sie reichhaltige Buffets oder \u00e0-la-carte-Men\u00fcs in einem Ambiente mit oft atemberaubendem Blick auf die umliegende Natur oder einer thematischen Dekoration, inspiriert vom nahegelegenen Safaripark. F\u00fcr noch mehr Flexibilit\u00e4t steht Ihnen der Zimmerservice rund um die Uhr zur Verf\u00fcgung. Genie\u00dfen Sie Gourmet-Mahlzeiten in der Privatsph\u00e4re und dem Komfort Ihres elegant eingerichteten Zimmers oder Ihrer Suite. Spezielle Ern\u00e4hrungsbed\u00fcrfnisse werden gerne ber\u00fccksichtigt, auf Anfrage gibt es vegetarische, vegane und allergikerfreundliche Gerichte.<\/p><p>F\u00fcr Familien bieten wir ein Paradies voller Freude und Komfort. Wir bieten zahlreiche familienfreundliche Annehmlichkeiten, darunter Babysitting und Kinderbetreuung, damit Eltern entspannte Momente genie\u00dfen k\u00f6nnen, w\u00e4hrend ihre Kleinen in sicheren H\u00e4nden sind. Kinderprogramme und Freizeitzentren unterhalten die kleinen G\u00e4ste mit betreuten Spielen, Basteln und lehrreichen Erlebnissen, oft im Zusammenhang mit der Tierwelt des Safariparks. Familiensuiten sind mit liebevollen Details wie Kinderbetten, Hochst\u00fchlen und kinderfreundlichen Toilettenartikeln ausgestattet, die auf Anfrage erh\u00e4ltlich sind, damit sich jedes Familienmitglied wie zu Hause f\u00fchlt.<\/p><p>Wellness und Entspannung sind Eckpfeiler unserer Servicephilosophie und spiegeln sich in unseren erstklassigen Spa- und Fitnesseinrichtungen wider. Das Spa im Chimelong Hotel bietet Ihnen eine Oase der Erholung mit einem umfangreichen Behandlungsangebot, darunter Massagen, Gesichtsbehandlungen und K\u00f6rpertherapien, inspiriert von traditionellen chinesischen Praktiken und modernen Techniken. G\u00e4ste k\u00f6nnen in Saunen, Dampfb\u00e4dern oder Hydrotherapie-Pools entspannen, w\u00e4hrend unser voll ausgestattetes Fitnesscenter mit modernsten Ger\u00e4ten und pers\u00f6nlichen Trainingsoptionen f\u00fcr alle sorgt, die ihre Trainingsroutinen aufrechterhalten m\u00f6chten. Innen- und Au\u00dfenpools bieten erfrischende Erholung, mit ausgewiesenen Bereichen f\u00fcr Kinder zum Planschen und Spielen unter den wachsamen Augen der Rettungsschwimmer.<\/p><p>Gesch\u00e4ftsreisende finden bei uns genau den Service, der perfekt auf ihre Bed\u00fcrfnisse zugeschnitten ist. Wir bieten eine Reihe vielseitiger Tagungs- und Veranstaltungsr\u00e4ume mit modernster audiovisueller Technik, Highspeed-WLAN und ergonomischer Ausstattung f\u00fcr produktive Zusammenk\u00fcnfte. Unser engagiertes Eventplanungsteam bietet umfassende Unterst\u00fctzung \u2013 von der Organisation von Catering und Kaffeepausen bis hin zur Koordination der technischen Anforderungen und der Dekoration \u2013 und sorgt so f\u00fcr einen reibungslosen Ablauf von Konferenzen, Seminaren und Firmenausfl\u00fcgen. In den Business Centern stehen Computer, Drucker und Sekretariatsdienste zur Verf\u00fcgung, und in den ruhigen Lounges finden Sie Platz f\u00fcr informelle Besprechungen oder konzentriertes Arbeiten in entspannter Atmosph\u00e4re.<\/p><p>Der Reinigungs- und W\u00e4scheservice im Chimelong Hotel ist auf h\u00f6chste Sauberkeit und Komfort ausgelegt. Die t\u00e4gliche Zimmerreinigung sorgt f\u00fcr ein makelloses Ambiente, und der Aufdeckservice sorgt abends f\u00fcr luxuri\u00f6sen Komfort. W\u00e4sche-, Reinigungs- und B\u00fcgelservice stehen G\u00e4sten zur Verf\u00fcgung, die ihre Garderobe bei l\u00e4ngeren Aufenthalten oder besonderen Anl\u00e4ssen frisch halten m\u00f6chten. F\u00fcr zus\u00e4tzliche Sicherheit bieten wir Zimmersafes, 24-Stunden-Sicherheitspersonal und eine sichere Gep\u00e4ckaufbewahrung f\u00fcr fr\u00fche Ank\u00fcnfte oder sp\u00e4te Abreisen.<\/p><p>\u00dcber das Greifbare hinaus sind unsere Dienstleistungen von echter F\u00fcrsorge und kulturellem Eintauchen gepr\u00e4gt. Wir sind stolz darauf, unseren G\u00e4sten ausgew\u00e4hlte Erlebnisse zu bieten, die ihnen den einzigartigen Reiz von Guangzhou und die Wunder des Chimelong Safari Parks n\u00e4herbringen. Oftmals ist der Parkeintritt im Rahmen der Aufenthaltspakete kostenlos oder erm\u00e4\u00dfigt. F\u00fchrungen, kulturelle Workshops und saisonale Veranstaltungen des Hotels erm\u00f6glichen es Besuchern, tiefer in das lokale Erbe und die nat\u00fcrliche Sch\u00f6nheit dieser Region einzutauchen. Unser Engagement f\u00fcr Nachhaltigkeit ist in unsere Gesch\u00e4ftst\u00e4tigkeit integriert: umweltfreundliche Initiativen und Praktiken zum Schutz der Umwelt, die so viel von unserer Identit\u00e4t pr\u00e4gt.<\/p><p>Im Chimelong Hotel spiegelt jeder Service unser Engagement wider, Ihnen unvergessliche Momente zu bereiten. Wir laden Sie ein, die Magie unserer Angebote zu erleben, wo die wilde Sch\u00f6nheit des Safariparks auf die raffinierte Eleganz erstklassiger Gastfreundschaft trifft. Ob Abenteuer, Entspannung oder Gesch\u00e4ftsreise \u2013 unser umfassendes Serviceangebot sorgt f\u00fcr einen perfekten Aufenthalt. Kontaktieren Sie uns noch heute und erfahren Sie, wie wir Ihren Besuch im Chimelong Hotel vor der bezaubernden Kulisse von Guangzhous faszinierendstem Reiseziel zu einem unvergesslichen Erlebnis machen k\u00f6nnen.<\/p>\t\t\t\t\t\t\t\t<\/div>\n\t\t\t\t<\/div>\n\t\t\t\t\t<\/div>\n\t\t\t\t<\/div>\n\t\t<div class=\"elementor-element elementor-element-0748f59 e-flex e-con-boxed e-con e-parent\" data-id=\"0748f59\" data-element_type=\"container\" data-e-type=\"container\">\n\t\t\t\t\t<div class=\"e-con-inner\">\n\t\t\t\t<div class=\"elementor-element elementor-element-e817135 elementor-widget elementor-widget-nuss-image-gallery\" data-id=\"e817135\" data-element_type=\"widget\" data-e-type=\"widget\" data-widget_type=\"nuss-image-gallery.default\">\n\t\t\t\t<div class=\"elementor-widget-container\">\n\t\t\t\t\t\t\t<div class=\"nuss-grid-wrapper\" data-grid=\"{&quot;type&quot;:&quot;grid&quot;,&quot;ratio&quot;:null,&quot;columns&quot;:3,&quot;gutter&quot;:30}\">\r\n\t\t\t<div class=\"nuss-grid lazy-grid\">\r\n\t\t\t\t<div class=\"grid-sizer\"><\/div>\r\n\r\n\t\t\t\t\t\t\t\t\t\t\t\t<div class=\"grid-item\">\r\n\t\t\t\t\t\t<div class=\"nuss-box\">\t\t<div class=\"nuss-image image\">\r\n\t\t\t<img decoding=\"async\"  src=\"https:\/\/chimelongsafaripark.com\/wp-content\/uploads\/2025\/05\/chimelongsafaripark-48.webp\" alt=\"Chimelong Safaripark (48)\" \/>\t\t<\/div>\r\n\t\t\t\t<\/div>\t\t\t\t\t<\/div>\r\n\t\t\t\t\t\t<div class=\"grid-item\">\r\n\t\t\t\t\t\t<div class=\"nuss-box\">\t\t<div class=\"nuss-image image\">\r\n\t\t\t<img decoding=\"async\"  src=\"https:\/\/chimelongsafaripark.com\/wp-content\/uploads\/2025\/05\/chimelongsafaripark-46.webp\" alt=\"Chimelong Safaripark (46)\" \/>\t\t<\/div>\r\n\t\t\t\t<\/div>\t\t\t\t\t<\/div>\r\n\t\t\t\t\t\t<div class=\"grid-item\">\r\n\t\t\t\t\t\t<div class=\"nuss-box\">\t\t<div class=\"nuss-image image\">\r\n\t\t\t<img decoding=\"async\"  src=\"https:\/\/chimelongsafaripark.com\/wp-content\/uploads\/2025\/05\/chimelongsafaripark-45.webp\" alt=\"Chimelong Safaripark (45)\" \/>\t\t<\/div>\r\n\t\t\t\t<\/div>\t\t\t\t\t<\/div>\r\n\t\t\t\t\t\t<div class=\"grid-item\">\r\n\t\t\t\t\t\t<div class=\"nuss-box\">\t\t<div class=\"nuss-image image\">\r\n\t\t\t<img decoding=\"async\"  src=\"https:\/\/chimelongsafaripark.com\/wp-content\/uploads\/2025\/05\/chimelongsafaripark-44.webp\" alt=\"Chimelong Safaripark (44)\" \/>\t\t<\/div>\r\n\t\t\t\t<\/div>\t\t\t\t\t<\/div>\r\n\t\t\t\t\t\t<div class=\"grid-item\">\r\n\t\t\t\t\t\t<div class=\"nuss-box\">\t\t<div class=\"nuss-image image\">\r\n\t\t\t<img decoding=\"async\"  src=\"https:\/\/chimelongsafaripark.com\/wp-content\/uploads\/2025\/05\/chimelongsafaripark-6.webp\" alt=\"Chimelong Safaripark (6)\" \/>\t\t<\/div>\r\n\t\t\t\t<\/div>\t\t\t\t\t<\/div>\r\n\t\t\t\t\t\t<div class=\"grid-item\">\r\n\t\t\t\t\t\t<div class=\"nuss-box\">\t\t<div class=\"nuss-image image\">\r\n\t\t\t<img decoding=\"async\"  src=\"https:\/\/chimelongsafaripark.com\/wp-content\/uploads\/2025\/05\/chimelongsafaripark-5.webp\" alt=\"Chimelong Safaripark (5)\" \/>\t\t<\/div>\r\n\t\t\t\t<\/div>\t\t\t\t\t<\/div>\r\n\t\t\t\t\t\t<div class=\"grid-item\">\r\n\t\t\t\t\t\t<div class=\"nuss-box\">\t\t<div class=\"nuss-image image\">\r\n\t\t\t<img decoding=\"async\"  src=\"https:\/\/chimelongsafaripark.com\/wp-content\/uploads\/2025\/05\/chimelongsafaripark-4.webp\" alt=\"Chimelong Safaripark (4)\" \/>\t\t<\/div>\r\n\t\t\t\t<\/div>\t\t\t\t\t<\/div>\r\n\t\t\t\t\t\t<div class=\"grid-item\">\r\n\t\t\t\t\t\t<div class=\"nuss-box\">\t\t<div class=\"nuss-image image\">\r\n\t\t\t<img decoding=\"async\"  src=\"https:\/\/chimelongsafaripark.com\/wp-content\/uploads\/2025\/05\/chimelongsafaripark-3.webp\" alt=\"Chimelong Safaripark (3)\" \/>\t\t<\/div>\r\n\t\t\t\t<\/div>\t\t\t\t\t<\/div>\r\n\t\t\t\t\t\t<div class=\"grid-item\">\r\n\t\t\t\t\t\t<div class=\"nuss-box\">\t\t<div class=\"nuss-image image\">\r\n\t\t\t<img decoding=\"async\"  src=\"https:\/\/chimelongsafaripark.com\/wp-content\/uploads\/2025\/05\/chimelongsafaripark-2.webp\" alt=\"Chimelong Safaripark (2)\" \/>\t\t<\/div>\r\n\t\t\t\t<\/div>\t\t\t\t\t<\/div>\r\n\t\t\t\t\t\t<div class=\"grid-item\">\r\n\t\t\t\t\t\t<div class=\"nuss-box\">\t\t<div class=\"nuss-image image\">\r\n\t\t\t<img decoding=\"async\"  src=\"https:\/\/chimelongsafaripark.com\/wp-content\/uploads\/2025\/05\/chimelongsafaripark-1.webp\" alt=\"Chimelong Safaripark (1)\" \/>\t\t<\/div>\r\n\t\t\t\t<\/div>\t\t\t\t\t<\/div>\r\n\t\t\t\t\t\t<div class=\"grid-item\">\r\n\t\t\t\t\t\t<div class=\"nuss-box\">\t\t<div class=\"nuss-image image\">\r\n\t\t\t<img decoding=\"async\"  src=\"https:\/\/chimelongsafaripark.com\/wp-content\/uploads\/2025\/05\/chimelongsafaripark-19.webp\" alt=\"Chimelong Safaripark (19)\" \/>\t\t<\/div>\r\n\t\t\t\t<\/div>\t\t\t\t\t<\/div>\r\n\t\t\t\t\t\t<div class=\"grid-item\">\r\n\t\t\t\t\t\t<div class=\"nuss-box\">\t\t<div class=\"nuss-image image\">\r\n\t\t\t<img decoding=\"async\"  src=\"https:\/\/chimelongsafaripark.com\/wp-content\/uploads\/2025\/05\/chimelongsafaripark-30.webp\" alt=\"Chimelong Safaripark (30)\" \/>\t\t<\/div>\r\n\t\t\t\t<\/div>\t\t\t\t\t<\/div>\r\n\t\t\t\t\t\t\t\r\n\t\t\t<\/div>\r\n\t\t<\/div>\r\n\t\t\t\t\t\t<\/div>\n\t\t\t\t<\/div>\n\t\t\t\t\t<\/div>\n\t\t\t\t<\/div>\n\t\t\t\t<\/div>","protected":false},"excerpt":{"rendered":"<p>We do our best to offer all our guests the services and facilities to make their stay a memorable one. ### Services at Chimelong Hotel (Guangzhou Chimelong Safari Park) Welcome to the world of unparalleled hospitality at Chimelong Hotel, an exquisite gem nestled within the sprawling Chimelong Tourist Resort near Guangzhou Chimelong Safari Park. Our [&hellip;]<\/p>\n","protected":false},"author":1,"featured_media":0,"parent":0,"menu_order":0,"comment_status":"closed","ping_status":"closed","template":"","meta":{"footnotes":""},"class_list":["post-647","page","type-page","status-publish","hentry","post-no-thumbnail"],"_links":{"self":[{"href":"https:\/\/chimelongsafaripark.com\/de\/wp-json\/wp\/v2\/pages\/647","targetHints":{"allow":["GET"]}}],"collection":[{"href":"https:\/\/chimelongsafaripark.com\/de\/wp-json\/wp\/v2\/pages"}],"about":[{"href":"https:\/\/chimelongsafaripark.com\/de\/wp-json\/wp\/v2\/types\/page"}],"author":[{"embeddable":true,"href":"https:\/\/chimelongsafaripark.com\/de\/wp-json\/wp\/v2\/users\/1"}],"replies":[{"embeddable":true,"href":"https:\/\/chimelongsafaripark.com\/de\/wp-json\/wp\/v2\/comments?post=647"}],"version-history":[{"count":0,"href":"https:\/\/chimelongsafaripark.com\/de\/wp-json\/wp\/v2\/pages\/647\/revisions"}],"wp:attachment":[{"href":"https:\/\/chimelongsafaripark.com\/de\/wp-json\/wp\/v2\/media?parent=647"}],"curies":[{"name":"wp","href":"https:\/\/api.w.org\/{rel}","templated":true}]}}