{"id":5266,"date":"2021-07-18T08:03:35","date_gmt":"2021-07-18T08:03:35","guid":{"rendered":"https:\/\/nuss.uxper.co\/luxury-resort\/?page_id=5266"},"modified":"2025-12-04T14:24:22","modified_gmt":"2025-12-04T14:24:22","slug":"uber-uns","status":"publish","type":"page","link":"https:\/\/chimelongsafaripark.com\/de\/about-us\/","title":{"rendered":"\u00dcber uns"},"content":{"rendered":"<div data-elementor-type=\"wp-page\" data-elementor-id=\"5266\" class=\"elementor elementor-5266\">\n\t\t\t\t\t\t<section class=\"elementor-section elementor-top-section elementor-element elementor-element-10416953 elementor-section-boxed elementor-section-gap-beside-yes elementor-section-height-default elementor-section-height-default elementor-section-column-vertical-align-stretch\" data-id=\"10416953\" data-element_type=\"section\" data-e-type=\"section\">\n\t\t\t\t\t\t<div class=\"elementor-container elementor-column-gap-extended\">\n\t\t\t\t\t<div class=\"elementor-column elementor-col-100 elementor-top-column elementor-element elementor-element-29c6aa8\" data-id=\"29c6aa8\" data-element_type=\"column\" data-e-type=\"column\">\n\t\t\t<div class=\"elementor-widget-wrap elementor-element-populated\">\n\t\t\t\t\t\t<div class=\"elementor-element elementor-element-7be18fe7 elementor-widget__width-initial elementor-invisible elementor-widget elementor-widget-text-editor\" data-id=\"7be18fe7\" data-element_type=\"widget\" data-e-type=\"widget\" data-settings=\"{&quot;_animation&quot;:&quot;nussFadeInUp&quot;}\" data-widget_type=\"text-editor.default\">\n\t\t\t\t<div class=\"elementor-widget-container\">\n\t\t\t\t\t\t\t\t\t<p>Willkommen im Chimelong Hotel, einem au\u00dfergew\u00f6hnlichen Reiseziel inmitten des lebendigen Guangzhou Chimelong Safari Parks in der chinesischen Provinz Guangdong. Als eines der f\u00fchrenden Hotels in Guangzhou bietet das Chimelong Hotel eine unvergleichliche Mischung aus Luxus, Abenteuer und naturnahem Charme und ist damit die perfekte Wahl f\u00fcr Familien, Paare und Reisende, die einen wahrhaft einzigartigen Urlaub verbringen m\u00f6chten. Dank seiner strategischen Lage im Herzen des Bezirks Panyu bietet dieses Weltklasse-Hotel direkten Zugang zu einem der renommiertesten Wildparks Chinas und garantiert so ein unvergessliches Erlebnis voller Wunder und Spannung.<\/p>\t\t\t\t\t\t\t\t<\/div>\n\t\t\t\t<\/div>\n\t\t\t\t\t<\/div>\n\t\t<\/div>\n\t\t\t\t\t<\/div>\n\t\t<\/section>\n\t\t\t\t<section class=\"elementor-section elementor-top-section elementor-element elementor-element-7d18327f elementor-section-boxed elementor-section-gap-beside-yes elementor-section-height-default elementor-section-height-default elementor-section-column-vertical-align-stretch\" data-id=\"7d18327f\" data-element_type=\"section\" data-e-type=\"section\">\n\t\t\t\t\t\t<div class=\"elementor-container elementor-column-gap-extended\">\n\t\t\t\t\t<div class=\"elementor-column elementor-col-50 elementor-top-column elementor-element elementor-element-56533670\" data-id=\"56533670\" data-element_type=\"column\" data-e-type=\"column\">\n\t\t\t<div class=\"elementor-widget-wrap elementor-element-populated\">\n\t\t\t\t\t\t<div class=\"elementor-element elementor-element-19c3f543 elementor-invisible elementor-widget elementor-widget-text-editor\" data-id=\"19c3f543\" data-element_type=\"widget\" data-e-type=\"widget\" data-settings=\"{&quot;_animation&quot;:&quot;nussFadeInUp&quot;}\" data-widget_type=\"text-editor.default\">\n\t\t\t\t<div class=\"elementor-widget-container\">\n\t\t\t\t\t\t\t\t\t<p>Im Chimelong Hotel ist jeder Aufenthalt eine Reise in die Wildnis. Stellen Sie sich vor, Sie wachen umgeben von den Sehensw\u00fcrdigkeiten und Ger\u00e4uschen der Natur auf und erkunden einen weitl\u00e4ufigen Safaripark mit Tausenden exotischen Tieren, aufregenden Fahrgesch\u00e4ften und fesselnden Shows direkt vor Ihrer T\u00fcr. Ob Sie majest\u00e4tische Giraffen bestaunen, seltenen wei\u00dfen Tigern begegnen oder familienfreundliche Unterhaltung im Chimelong Safari Park genie\u00dfen \u2013 unser Hotel ist Ihr Tor zu endlosen Abenteuern. Nach einem Tag voller Entdeckungen kehren Sie in den Komfort unserer elegant eingerichteten Zimmer und Suiten zur\u00fcck, die Ihnen einen ruhigen R\u00fcckzugsort inmitten der aufregenden Natur des Parks bieten.<\/p>\t\t\t\t\t\t\t\t<\/div>\n\t\t\t\t<\/div>\n\t\t\t\t\t<\/div>\n\t\t<\/div>\n\t\t\t\t<div class=\"elementor-column elementor-col-50 elementor-top-column elementor-element elementor-element-30f14127\" data-id=\"30f14127\" data-element_type=\"column\" data-e-type=\"column\">\n\t\t\t<div class=\"elementor-widget-wrap elementor-element-populated\">\n\t\t\t\t\t\t<div class=\"elementor-element elementor-element-350da02e elementor-invisible nuss-elementor-loading nuss-slide-in-left elementor-widget elementor-widget-image\" data-id=\"350da02e\" data-element_type=\"widget\" data-e-type=\"widget\" data-settings=\"{&quot;_animation&quot;:&quot;nussSlideInLeft&quot;}\" data-widget_type=\"image.default\">\n\t\t\t\t<div class=\"elementor-widget-container\">\n\t\t\t\t\t\t\t\t\t\t\t\t\t\t\t<img fetchpriority=\"high\" decoding=\"async\" width=\"950\" height=\"600\" src=\"https:\/\/chimelongsafaripark.com\/wp-content\/uploads\/2025\/05\/chimelongsafaripark-107.webp\" class=\"attachment-full size-full wp-image-5664\" alt=\"\" srcset=\"https:\/\/chimelongsafaripark.com\/wp-content\/uploads\/2025\/05\/chimelongsafaripark-107.webp 950w, https:\/\/chimelongsafaripark.com\/wp-content\/uploads\/2025\/05\/chimelongsafaripark-107-300x189.webp 300w, https:\/\/chimelongsafaripark.com\/wp-content\/uploads\/2025\/05\/chimelongsafaripark-107-768x485.webp 768w, https:\/\/chimelongsafaripark.com\/wp-content\/uploads\/2025\/05\/chimelongsafaripark-107-18x12.webp 18w\" sizes=\"(max-width: 950px) 100vw, 950px\" \/>\t\t\t\t\t\t\t\t\t\t\t\t\t\t\t<\/div>\n\t\t\t\t<\/div>\n\t\t\t\t\t<\/div>\n\t\t<\/div>\n\t\t\t\t\t<\/div>\n\t\t<\/section>\n\t\t\t\t<section class=\"elementor-section elementor-top-section elementor-element elementor-element-29fb8578 elementor-section-height-min-height elementor-section-stretched elementor-section-full_width elementor-section-items-stretch elementor-section-height-default elementor-section-column-vertical-align-stretch\" data-id=\"29fb8578\" data-element_type=\"section\" data-e-type=\"section\" data-settings=\"{&quot;stretch_section&quot;:&quot;section-stretched&quot;}\">\n\t\t\t\t\t\t<div class=\"elementor-container elementor-column-gap-no\">\n\t\t\t\t\t<div class=\"elementor-column elementor-col-50 elementor-top-column elementor-element elementor-element-40ac270b\" data-id=\"40ac270b\" data-element_type=\"column\" data-e-type=\"column\">\n\t\t\t<div class=\"elementor-widget-wrap elementor-element-populated\">\n\t\t\t\t\t\t<div class=\"elementor-element elementor-element-20872773 elementor-widget__width-initial elementor-widget-mobile__width-inherit elementor-invisible nuss-elementor-loading nuss-slide-in-right elementor-widget elementor-widget-image\" data-id=\"20872773\" data-element_type=\"widget\" data-e-type=\"widget\" data-settings=\"{&quot;_animation&quot;:&quot;nussSlideInRight&quot;}\" data-widget_type=\"image.default\">\n\t\t\t\t<div class=\"elementor-widget-container\">\n\t\t\t\t\t\t\t\t\t\t\t\t\t\t\t<img decoding=\"async\" width=\"1280\" height=\"853\" src=\"https:\/\/chimelongsafaripark.com\/wp-content\/uploads\/2025\/05\/chimelongsafaripark-112.webp\" class=\"attachment-full size-full wp-image-5669\" alt=\"\" srcset=\"https:\/\/chimelongsafaripark.com\/wp-content\/uploads\/2025\/05\/chimelongsafaripark-112.webp 1280w, https:\/\/chimelongsafaripark.com\/wp-content\/uploads\/2025\/05\/chimelongsafaripark-112-300x200.webp 300w, https:\/\/chimelongsafaripark.com\/wp-content\/uploads\/2025\/05\/chimelongsafaripark-112-1024x682.webp 1024w, https:\/\/chimelongsafaripark.com\/wp-content\/uploads\/2025\/05\/chimelongsafaripark-112-768x512.webp 768w, https:\/\/chimelongsafaripark.com\/wp-content\/uploads\/2025\/05\/chimelongsafaripark-112-18x12.webp 18w\" sizes=\"(max-width: 1280px) 100vw, 1280px\" \/>\t\t\t\t\t\t\t\t\t\t\t\t\t\t\t<\/div>\n\t\t\t\t<\/div>\n\t\t\t\t\t<\/div>\n\t\t<\/div>\n\t\t\t\t<div class=\"elementor-column elementor-col-50 elementor-top-column elementor-element elementor-element-2dac103\" data-id=\"2dac103\" data-element_type=\"column\" data-e-type=\"column\">\n\t\t\t<div class=\"elementor-widget-wrap elementor-element-populated\">\n\t\t\t\t\t\t<div class=\"elementor-element elementor-element-6f1b8966 elementor-invisible elementor-widget elementor-widget-text-editor\" data-id=\"6f1b8966\" data-element_type=\"widget\" data-e-type=\"widget\" data-settings=\"{&quot;_animation&quot;:&quot;nussFadeInUp&quot;}\" data-widget_type=\"text-editor.default\">\n\t\t\t\t<div class=\"elementor-widget-container\">\n\t\t\t\t\t\t\t\t\t<p>Was das Chimelong Hotel auszeichnet, ist sein Engagement f\u00fcr immersive, thematisch abgestimmte Erlebnisse, die jedem Reisenden gerecht werden. Vom bezaubernden Giraffenschloss bis zum abenteuerlichen J\u00e4gerzimmer \u2013 unsere Unterk\u00fcnfte entf\u00fchren Sie in eine Welt voller Fantasie und Entdeckungen. Jedes Zimmer ist mit modernen Annehmlichkeiten ausgestattet, sodass Luxus und Komfort stets gew\u00e4hrleistet sind. Ob Sie mit kleinen Kindern reisen, einen romantischen Ausflug planen oder einen aufregenden Urlaub erleben m\u00f6chten \u2013 das Chimelong Hotel bietet eine Vielzahl von Zimmertypen und Paketen, die auf Ihre Bed\u00fcrfnisse zugeschnitten sind.<\/p><p>Neben der N\u00e4he zum Chimelong Safari Park bietet das Hotel zahlreiche Annehmlichkeiten f\u00fcr einen unvergesslichen Aufenthalt. Genie\u00dfen Sie kulinarische K\u00f6stlichkeiten in unseren exklusiven Restaurants, wo internationale Aromen und lokale kantonesische K\u00fcche zu einem wahren Genusserlebnis verschmelzen. Entspannen Sie bei einem erfrischenden Bad in unseren Pools, tanken Sie neue Energie in unserem Spa oder halten Sie Ihr Fitnessprogramm in unserem hochmodernen Fitnessstudio aufrecht. Familien profitieren von unserem Kinderclub und unseren Unterhaltungsangeboten, die daf\u00fcr sorgen, dass die Kleinen genauso begeistert sind wie die Erwachsenen. Mit au\u00dfergew\u00f6hnlicher Gastfreundschaft und Liebe zum Detail verspricht das Chimelong Hotel ein reibungsloses und unvergessliches Erlebnis vom Check-in bis zum Check-out.<\/p>\t\t\t\t\t\t\t\t<\/div>\n\t\t\t\t<\/div>\n\t\t\t\t\t<\/div>\n\t\t<\/div>\n\t\t\t\t\t<\/div>\n\t\t<\/section>\n\t\t\t\t<section class=\"elementor-section elementor-top-section elementor-element elementor-element-9c66b57 elementor-section-height-min-height elementor-section-stretched elementor-section-full_width elementor-section-items-stretch elementor-section-height-default elementor-section-column-vertical-align-stretch\" data-id=\"9c66b57\" data-element_type=\"section\" data-e-type=\"section\" data-settings=\"{&quot;stretch_section&quot;:&quot;section-stretched&quot;}\">\n\t\t\t\t\t\t<div class=\"elementor-container elementor-column-gap-no\">\n\t\t\t\t\t<div class=\"elementor-column elementor-col-50 elementor-top-column elementor-element elementor-element-6aad332\" data-id=\"6aad332\" data-element_type=\"column\" data-e-type=\"column\">\n\t\t\t<div class=\"elementor-widget-wrap elementor-element-populated\">\n\t\t\t\t\t\t<div class=\"elementor-element elementor-element-56bb326 elementor-invisible elementor-widget elementor-widget-text-editor\" data-id=\"56bb326\" data-element_type=\"widget\" data-e-type=\"widget\" data-settings=\"{&quot;_animation&quot;:&quot;nussFadeInUp&quot;}\" data-widget_type=\"text-editor.default\">\n\t\t\t\t<div class=\"elementor-widget-container\">\n\t\t\t\t\t\t\t\t\t<p>Das Chimelong Hotel liegt nur eine kurze Autofahrt vom Zentrum Guangzhous entfernt und ist sowohl f\u00fcr inl\u00e4ndische als auch internationale Reisende leicht erreichbar. Dank seiner erstklassigen Lage im Bezirk Panyu erreichen Sie auch weitere Attraktionen von Chimelong, darunter das Chimelong Paradise und den Chimelong Water Park. Damit ist es ein idealer Ausgangspunkt f\u00fcr die Erkundung der beliebtesten Unterhaltungsziele der Region. Ob Wochenendausflug, Familienurlaub oder besondere Feier \u2013 das Chimelong Hotel bietet den perfekten Rahmen f\u00fcr unvergessliche Erinnerungen.<\/p><p><strong>Warum im Chimelong Hotel (Guangzhou Chimelong Safari Park) \u00fcbernachten?<\/strong><\/p><ul><li>Direkter Zugang zum Chimelong Safari Park, Heimat exotischer Wildtiere und aufregender Attraktionen.<\/li><li>Einzigartige Themenunterk\u00fcnfte wie Giraffe Castle und Hunter Room f\u00fcr einen intensiven Aufenthalt.<\/li><li>Familienfreundliche Annehmlichkeiten, darunter Kinderclubs und Unterhaltungsm\u00f6glichkeiten.<\/li><li>Weltklasse-Restaurants, luxuri\u00f6se Einrichtungen und au\u00dfergew\u00f6hnlicher Service.<\/li><li>G\u00fcnstige Lage in der N\u00e4he der beliebtesten Themenparks und Attraktionen von Guangzhou.<\/li><\/ul><p>F\u00fcr alle, die in Guangzhou ein Hotel suchen, das Luxus mit Abenteuer verbindet, ist das Chimelong Hotel die erste Wahl. Buchen Sie noch heute Ihren Aufenthalt und begeben Sie sich auf eine Safari-Reise, bei der die Wunder der Wildnis auf den Komfort eines F\u00fcnf-Sterne-Resorts treffen. Ob Tagesausflug oder l\u00e4ngerer Urlaub \u2013 das Chimelong Hotel im Guangzhou Chimelong Safari Park l\u00e4dt Sie ein, eine Welt voller Spannung, Entspannung und unvergleichlicher Gastfreundschaft zu erleben. Ihre au\u00dfergew\u00f6hnliche Reise erwartet Sie!<\/p>\t\t\t\t\t\t\t\t<\/div>\n\t\t\t\t<\/div>\n\t\t\t\t\t<\/div>\n\t\t<\/div>\n\t\t\t\t<div class=\"elementor-column elementor-col-50 elementor-top-column elementor-element elementor-element-1de6838\" data-id=\"1de6838\" data-element_type=\"column\" data-e-type=\"column\">\n\t\t\t<div class=\"elementor-widget-wrap elementor-element-populated\">\n\t\t\t\t\t\t<div class=\"elementor-element elementor-element-c3cce95 elementor-widget__width-initial elementor-widget-mobile__width-inherit elementor-invisible nuss-elementor-loading nuss-slide-in-right elementor-widget elementor-widget-image\" data-id=\"c3cce95\" data-element_type=\"widget\" data-e-type=\"widget\" data-settings=\"{&quot;_animation&quot;:&quot;nussSlideInRight&quot;}\" data-widget_type=\"image.default\">\n\t\t\t\t<div class=\"elementor-widget-container\">\n\t\t\t\t\t\t\t\t\t\t\t\t\t\t\t<img decoding=\"async\" width=\"1280\" height=\"799\" src=\"https:\/\/chimelongsafaripark.com\/wp-content\/uploads\/2025\/05\/chimelongsafaripark-85.webp\" class=\"attachment-full size-full wp-image-5642\" alt=\"\" srcset=\"https:\/\/chimelongsafaripark.com\/wp-content\/uploads\/2025\/05\/chimelongsafaripark-85.webp 1280w, https:\/\/chimelongsafaripark.com\/wp-content\/uploads\/2025\/05\/chimelongsafaripark-85-300x187.webp 300w, https:\/\/chimelongsafaripark.com\/wp-content\/uploads\/2025\/05\/chimelongsafaripark-85-1024x639.webp 1024w, https:\/\/chimelongsafaripark.com\/wp-content\/uploads\/2025\/05\/chimelongsafaripark-85-768x479.webp 768w, https:\/\/chimelongsafaripark.com\/wp-content\/uploads\/2025\/05\/chimelongsafaripark-85-18x12.webp 18w\" sizes=\"(max-width: 1280px) 100vw, 1280px\" \/>\t\t\t\t\t\t\t\t\t\t\t\t\t\t\t<\/div>\n\t\t\t\t<\/div>\n\t\t\t\t\t<\/div>\n\t\t<\/div>\n\t\t\t\t\t<\/div>\n\t\t<\/section>\n\t\t\t\t<\/div>","protected":false},"excerpt":{"rendered":"<p>Welcome to Chimelong Hotel, an extraordinary destination nestled within the vibrant grounds of Guangzhou Chimelong Safari Park in Guangdong Province, China. As one of the premier hotels in Guangzhou, Chimelong Hotel offers an unrivaled blend of luxury, adventure, and nature-inspired charm, making it the perfect choice for families, couples, and travelers seeking a truly unique [&hellip;]<\/p>\n","protected":false},"author":1,"featured_media":0,"parent":0,"menu_order":0,"comment_status":"closed","ping_status":"closed","template":"","meta":{"footnotes":""},"class_list":["post-5266","page","type-page","status-publish","hentry","post-no-thumbnail"],"_links":{"self":[{"href":"https:\/\/chimelongsafaripark.com\/de\/wp-json\/wp\/v2\/pages\/5266","targetHints":{"allow":["GET"]}}],"collection":[{"href":"https:\/\/chimelongsafaripark.com\/de\/wp-json\/wp\/v2\/pages"}],"about":[{"href":"https:\/\/chimelongsafaripark.com\/de\/wp-json\/wp\/v2\/types\/page"}],"author":[{"embeddable":true,"href":"https:\/\/chimelongsafaripark.com\/de\/wp-json\/wp\/v2\/users\/1"}],"replies":[{"embeddable":true,"href":"https:\/\/chimelongsafaripark.com\/de\/wp-json\/wp\/v2\/comments?post=5266"}],"version-history":[{"count":0,"href":"https:\/\/chimelongsafaripark.com\/de\/wp-json\/wp\/v2\/pages\/5266\/revisions"}],"wp:attachment":[{"href":"https:\/\/chimelongsafaripark.com\/de\/wp-json\/wp\/v2\/media?parent=5266"}],"curies":[{"name":"wp","href":"https:\/\/api.w.org\/{rel}","templated":true}]}}