{"id":2106,"date":"2021-03-25T04:08:26","date_gmt":"2021-03-25T04:08:26","guid":{"rendered":"http:\/\/localhost\/nuss\/?page_id=298"},"modified":"2025-12-04T14:25:04","modified_gmt":"2025-12-04T14:25:04","slug":"erlebnisse","status":"publish","type":"page","link":"https:\/\/chimelongsafaripark.com\/de\/experiences\/","title":{"rendered":"Erlebnisse"},"content":{"rendered":"<div data-elementor-type=\"wp-page\" data-elementor-id=\"2106\" class=\"elementor elementor-2106\">\n\t\t\t\t\t\t<section class=\"elementor-section elementor-top-section elementor-element elementor-element-1954ffc elementor-section-boxed elementor-section-gap-beside-yes elementor-section-height-default elementor-section-height-default elementor-section-column-vertical-align-stretch\" data-id=\"1954ffc\" data-element_type=\"section\" data-e-type=\"section\">\n\t\t\t\t\t\t<div class=\"elementor-container elementor-column-gap-extended\">\n\t\t\t\t\t<div class=\"elementor-column elementor-col-100 elementor-top-column elementor-element elementor-element-86aebc5\" data-id=\"86aebc5\" data-element_type=\"column\" data-e-type=\"column\">\n\t\t\t<div class=\"elementor-widget-wrap elementor-element-populated\">\n\t\t\t\t\t\t<div class=\"elementor-element elementor-element-11803d1 elementor-widget__width-initial elementor-invisible elementor-widget elementor-widget-text-editor\" data-id=\"11803d1\" data-element_type=\"widget\" data-e-type=\"widget\" data-settings=\"{&quot;_animation&quot;:&quot;nussFadeInUp&quot;}\" data-widget_type=\"text-editor.default\">\n\t\t\t\t<div class=\"elementor-widget-container\">\n\t\t\t\t\t\t\t\t\t<p>Wir m\u00f6chten, dass unsere G\u00e4ste w\u00e4hrend ihres Aufenthaltes bei uns etwas Besonderes erleben, denn tolle Erlebnisse schaffen tolle Erinnerungen.<\/p>\t\t\t\t\t\t\t\t<\/div>\n\t\t\t\t<\/div>\n\t\t\t\t\t<\/div>\n\t\t<\/div>\n\t\t\t\t\t<\/div>\n\t\t<\/section>\n\t\t\t\t<section class=\"elementor-section elementor-top-section elementor-element elementor-element-b2344ff elementor-section-gap-beside-no elementor-section-boxed elementor-section-height-default elementor-section-height-default elementor-section-column-vertical-align-stretch\" data-id=\"b2344ff\" data-element_type=\"section\" data-e-type=\"section\">\n\t\t\t\t\t\t<div class=\"elementor-container elementor-column-gap-extended\">\n\t\t\t\t\t<div class=\"elementor-column elementor-col-50 elementor-top-column elementor-element elementor-element-4698ec8\" data-id=\"4698ec8\" data-element_type=\"column\" data-e-type=\"column\">\n\t\t\t<div class=\"elementor-widget-wrap elementor-element-populated\">\n\t\t\t\t\t\t<div class=\"elementor-element elementor-element-88e5290 elementor-invisible nuss-elementor-loading nuss-slide-in-right elementor-widget elementor-widget-image\" data-id=\"88e5290\" data-element_type=\"widget\" data-e-type=\"widget\" data-settings=\"{&quot;_animation&quot;:&quot;nussSlideInRight&quot;}\" data-widget_type=\"image.default\">\n\t\t\t\t<div class=\"elementor-widget-container\">\n\t\t\t\t\t\t\t\t\t\t\t\t\t\t\t<img fetchpriority=\"high\" decoding=\"async\" width=\"1024\" height=\"768\" src=\"https:\/\/chimelongsafaripark.com\/wp-content\/uploads\/2025\/05\/chimelongsafaripark-39.webp\" class=\"attachment-full size-full wp-image-5596\" alt=\"\" srcset=\"https:\/\/chimelongsafaripark.com\/wp-content\/uploads\/2025\/05\/chimelongsafaripark-39.webp 1024w, https:\/\/chimelongsafaripark.com\/wp-content\/uploads\/2025\/05\/chimelongsafaripark-39-300x225.webp 300w, https:\/\/chimelongsafaripark.com\/wp-content\/uploads\/2025\/05\/chimelongsafaripark-39-768x576.webp 768w, https:\/\/chimelongsafaripark.com\/wp-content\/uploads\/2025\/05\/chimelongsafaripark-39-16x12.webp 16w\" sizes=\"(max-width: 1024px) 100vw, 1024px\" \/>\t\t\t\t\t\t\t\t\t\t\t\t\t\t\t<\/div>\n\t\t\t\t<\/div>\n\t\t\t\t\t<\/div>\n\t\t<\/div>\n\t\t\t\t<div class=\"elementor-column elementor-col-50 elementor-top-column elementor-element elementor-element-4b9e677\" data-id=\"4b9e677\" data-element_type=\"column\" data-e-type=\"column\">\n\t\t\t<div class=\"elementor-widget-wrap elementor-element-populated\">\n\t\t\t\t\t\t<div class=\"elementor-element elementor-element-bc0b7e2 elementor-invisible elementor-widget elementor-widget-text-editor\" data-id=\"bc0b7e2\" data-element_type=\"widget\" data-e-type=\"widget\" data-settings=\"{&quot;_animation&quot;:&quot;nussFadeInUp&quot;}\" data-widget_type=\"text-editor.default\">\n\t\t\t\t<div class=\"elementor-widget-container\">\n\t\t\t\t\t\t\t\t\t<p>Tauchen Sie ein in unvergessliche Erinnerungen mit den Kundenbewertungen des Chimelong Hotels, einer luxuri\u00f6sen Oase im pulsierenden Chimelong Tourist Resort in der N\u00e4he des Guangzhou Chimelong Safari Parks. Als eines der beliebtesten Reiseziele f\u00fcr Familien, Abenteuerlustige und Erholungssuchende hat unser Hotel zahlreiche ber\u00fchrende Geschichten und begeisterte R\u00fcckmeldungen von G\u00e4sten erhalten, die die Magie eines Aufenthalts inmitten der Naturwunder erlebt haben. Diese authentischen Bewertungen und pers\u00f6nlichen Berichte bieten einen Einblick in die au\u00dfergew\u00f6hnliche Gastfreundschaft, die erstklassigen Annehmlichkeiten und die einzigartigen Abenteuer, die Sie im Chimelong Hotel erwarten.<\/p>\t\t\t\t\t\t\t\t<\/div>\n\t\t\t\t<\/div>\n\t\t\t\t\t<\/div>\n\t\t<\/div>\n\t\t\t\t\t<\/div>\n\t\t<\/section>\n\t\t\t\t<section class=\"elementor-section elementor-top-section elementor-element elementor-element-575fc68 elementor-section-gap-beside-no elementor-section-boxed elementor-section-height-default elementor-section-height-default elementor-section-column-vertical-align-stretch\" data-id=\"575fc68\" data-element_type=\"section\" data-e-type=\"section\">\n\t\t\t\t\t\t<div class=\"elementor-container elementor-column-gap-extended\">\n\t\t\t\t\t<div class=\"elementor-column elementor-col-50 elementor-top-column elementor-element elementor-element-dd03a56\" data-id=\"dd03a56\" data-element_type=\"column\" data-e-type=\"column\">\n\t\t\t<div class=\"elementor-widget-wrap elementor-element-populated\">\n\t\t\t\t\t\t<div class=\"elementor-element elementor-element-78ab5be elementor-invisible nuss-elementor-loading nuss-slide-in-right elementor-widget elementor-widget-image\" data-id=\"78ab5be\" data-element_type=\"widget\" data-e-type=\"widget\" data-settings=\"{&quot;_animation&quot;:&quot;nussSlideInRight&quot;}\" data-widget_type=\"image.default\">\n\t\t\t\t<div class=\"elementor-widget-container\">\n\t\t\t\t\t\t\t\t\t\t\t\t\t\t\t<img decoding=\"async\" width=\"1280\" height=\"720\" src=\"https:\/\/chimelongsafaripark.com\/wp-content\/uploads\/2025\/05\/chimelongsafaripark-28.webp\" class=\"attachment-full size-full wp-image-5585\" alt=\"\" srcset=\"https:\/\/chimelongsafaripark.com\/wp-content\/uploads\/2025\/05\/chimelongsafaripark-28.webp 1280w, https:\/\/chimelongsafaripark.com\/wp-content\/uploads\/2025\/05\/chimelongsafaripark-28-300x169.webp 300w, https:\/\/chimelongsafaripark.com\/wp-content\/uploads\/2025\/05\/chimelongsafaripark-28-1024x576.webp 1024w, https:\/\/chimelongsafaripark.com\/wp-content\/uploads\/2025\/05\/chimelongsafaripark-28-768x432.webp 768w, https:\/\/chimelongsafaripark.com\/wp-content\/uploads\/2025\/05\/chimelongsafaripark-28-18x10.webp 18w\" sizes=\"(max-width: 1280px) 100vw, 1280px\" \/>\t\t\t\t\t\t\t\t\t\t\t\t\t\t\t<\/div>\n\t\t\t\t<\/div>\n\t\t\t\t\t<\/div>\n\t\t<\/div>\n\t\t\t\t<div class=\"elementor-column elementor-col-50 elementor-top-column elementor-element elementor-element-364a6b2\" data-id=\"364a6b2\" data-element_type=\"column\" data-e-type=\"column\">\n\t\t\t<div class=\"elementor-widget-wrap elementor-element-populated\">\n\t\t\t\t\t\t<div class=\"elementor-element elementor-element-ccbb94d elementor-invisible elementor-widget elementor-widget-text-editor\" data-id=\"ccbb94d\" data-element_type=\"widget\" data-e-type=\"widget\" data-settings=\"{&quot;_animation&quot;:&quot;nussFadeInUp&quot;}\" data-widget_type=\"text-editor.default\">\n\t\t\t\t<div class=\"elementor-widget-container\">\n\t\t\t\t\t\t\t\t\t<p>Sobald unsere G\u00e4ste unsere elegant gestaltete Lobby betreten, werden sie von einer Atmosph\u00e4re der W\u00e4rme und des Staunens umh\u00fcllt \u2013 eine Atmosph\u00e4re, die unz\u00e4hlige Reisende teilen, die hier bleibende Erinnerungen gesammelt haben. Ob es die Freude ist, vom fernen Gebr\u00fcll der Wildtiere geweckt zu werden, die Freude, den nahegelegenen Safaripark mit Ihren Lieben zu erkunden, oder die Ruhe beim Entspannen in unserem luxuri\u00f6sen Spa \u2013 unsere G\u00e4ste heben immer wieder die perfekte Mischung aus Erlebnis und Komfort hervor, die ihren Aufenthalt ausmacht. Familien schw\u00e4rmen von den ger\u00e4umigen, kinderfreundlichen Themenzimmern, w\u00e4hrend Paare die romantischen Speiseerlebnisse und die ruhigen Wellnesseinrichtungen sch\u00e4tzen, die jeden Moment zu etwas Besonderem machen.<\/p>\t\t\t\t\t\t\t\t<\/div>\n\t\t\t\t<\/div>\n\t\t\t\t\t<\/div>\n\t\t<\/div>\n\t\t\t\t\t<\/div>\n\t\t<\/section>\n\t\t\t\t<section class=\"elementor-section elementor-top-section elementor-element elementor-element-7853fd5 elementor-section-gap-beside-no elementor-section-boxed elementor-section-height-default elementor-section-height-default elementor-section-column-vertical-align-stretch\" data-id=\"7853fd5\" data-element_type=\"section\" data-e-type=\"section\">\n\t\t\t\t\t\t<div class=\"elementor-container elementor-column-gap-extended\">\n\t\t\t\t\t<div class=\"elementor-column elementor-col-50 elementor-top-column elementor-element elementor-element-9a8fa64\" data-id=\"9a8fa64\" data-element_type=\"column\" data-e-type=\"column\">\n\t\t\t<div class=\"elementor-widget-wrap elementor-element-populated\">\n\t\t\t\t\t\t<div class=\"elementor-element elementor-element-6f7d3f1 elementor-invisible nuss-elementor-loading nuss-slide-in-right elementor-widget elementor-widget-image\" data-id=\"6f7d3f1\" data-element_type=\"widget\" data-e-type=\"widget\" data-settings=\"{&quot;_animation&quot;:&quot;nussSlideInRight&quot;}\" data-widget_type=\"image.default\">\n\t\t\t\t<div class=\"elementor-widget-container\">\n\t\t\t\t\t\t\t\t\t\t\t\t\t\t\t<img decoding=\"async\" width=\"1280\" height=\"853\" src=\"https:\/\/chimelongsafaripark.com\/wp-content\/uploads\/2025\/05\/chimelongsafaripark-15.webp\" class=\"attachment-full size-full wp-image-5572\" alt=\"\" srcset=\"https:\/\/chimelongsafaripark.com\/wp-content\/uploads\/2025\/05\/chimelongsafaripark-15.webp 1280w, https:\/\/chimelongsafaripark.com\/wp-content\/uploads\/2025\/05\/chimelongsafaripark-15-300x200.webp 300w, https:\/\/chimelongsafaripark.com\/wp-content\/uploads\/2025\/05\/chimelongsafaripark-15-1024x682.webp 1024w, https:\/\/chimelongsafaripark.com\/wp-content\/uploads\/2025\/05\/chimelongsafaripark-15-768x512.webp 768w, https:\/\/chimelongsafaripark.com\/wp-content\/uploads\/2025\/05\/chimelongsafaripark-15-18x12.webp 18w\" sizes=\"(max-width: 1280px) 100vw, 1280px\" \/>\t\t\t\t\t\t\t\t\t\t\t\t\t\t\t<\/div>\n\t\t\t\t<\/div>\n\t\t\t\t\t<\/div>\n\t\t<\/div>\n\t\t\t\t<div class=\"elementor-column elementor-col-50 elementor-top-column elementor-element elementor-element-abd874b\" data-id=\"abd874b\" data-element_type=\"column\" data-e-type=\"column\">\n\t\t\t<div class=\"elementor-widget-wrap elementor-element-populated\">\n\t\t\t\t\t\t<div class=\"elementor-element elementor-element-a80ff28 elementor-invisible elementor-widget elementor-widget-text-editor\" data-id=\"a80ff28\" data-element_type=\"widget\" data-e-type=\"widget\" data-settings=\"{&quot;_animation&quot;:&quot;nussFadeInUp&quot;}\" data-widget_type=\"text-editor.default\">\n\t\t\t\t<div class=\"elementor-widget-container\">\n\t\t\t\t\t\t\t\t\t<p>Unsere Sammlung von Kundenerfahrungen zeigt die vielf\u00e4ltigen Perspektiven von Reisenden aus aller Welt, die von der N\u00e4he des Hotels zum Chimelong Safari Park begeistert sind und es oft als Tor zu Abenteuer und Entspannung beschreiben. G\u00e4ste loben h\u00e4ufig das aufmerksame Personal, dessen pers\u00f6nlicher Service einen einfachen Kurzurlaub in eine au\u00dfergew\u00f6hnliche Reise verwandelt. Von k\u00f6stlichen kulinarischen \u00dcberraschungen in unseren hauseigenen Restaurants bis hin zum Komfort des kostenlosen Park-Shuttles zeichnen diese Bewertungen ein anschauliches Bild davon, warum das Chimelong Hotel eine Top-Wahl in Guangzhou ist.<\/p>\t\t\t\t\t\t\t\t<\/div>\n\t\t\t\t<\/div>\n\t\t\t\t\t<\/div>\n\t\t<\/div>\n\t\t\t\t\t<\/div>\n\t\t<\/section>\n\t\t\t\t<section class=\"elementor-section elementor-top-section elementor-element elementor-element-a96e3a2 elementor-section-gap-beside-no elementor-section-boxed elementor-section-height-default elementor-section-height-default elementor-section-column-vertical-align-stretch\" data-id=\"a96e3a2\" data-element_type=\"section\" data-e-type=\"section\">\n\t\t\t\t\t\t<div class=\"elementor-container elementor-column-gap-extended\">\n\t\t\t\t\t<div class=\"elementor-column elementor-col-50 elementor-top-column elementor-element elementor-element-839ec8b\" data-id=\"839ec8b\" data-element_type=\"column\" data-e-type=\"column\">\n\t\t\t<div class=\"elementor-widget-wrap elementor-element-populated\">\n\t\t\t\t\t\t<div class=\"elementor-element elementor-element-d13d219 elementor-invisible nuss-elementor-loading nuss-slide-in-right elementor-widget elementor-widget-image\" data-id=\"d13d219\" data-element_type=\"widget\" data-e-type=\"widget\" data-settings=\"{&quot;_animation&quot;:&quot;nussSlideInRight&quot;}\" data-widget_type=\"image.default\">\n\t\t\t\t<div class=\"elementor-widget-container\">\n\t\t\t\t\t\t\t\t\t\t\t\t\t\t\t<img loading=\"lazy\" decoding=\"async\" width=\"1024\" height=\"768\" src=\"https:\/\/chimelongsafaripark.com\/wp-content\/uploads\/2025\/05\/chimelongsafaripark-38.webp\" class=\"attachment-full size-full wp-image-5595\" alt=\"\" srcset=\"https:\/\/chimelongsafaripark.com\/wp-content\/uploads\/2025\/05\/chimelongsafaripark-38.webp 1024w, https:\/\/chimelongsafaripark.com\/wp-content\/uploads\/2025\/05\/chimelongsafaripark-38-300x225.webp 300w, https:\/\/chimelongsafaripark.com\/wp-content\/uploads\/2025\/05\/chimelongsafaripark-38-768x576.webp 768w, https:\/\/chimelongsafaripark.com\/wp-content\/uploads\/2025\/05\/chimelongsafaripark-38-16x12.webp 16w\" sizes=\"(max-width: 1024px) 100vw, 1024px\" \/>\t\t\t\t\t\t\t\t\t\t\t\t\t\t\t<\/div>\n\t\t\t\t<\/div>\n\t\t\t\t\t<\/div>\n\t\t<\/div>\n\t\t\t\t<div class=\"elementor-column elementor-col-50 elementor-top-column elementor-element elementor-element-ed543eb\" data-id=\"ed543eb\" data-element_type=\"column\" data-e-type=\"column\">\n\t\t\t<div class=\"elementor-widget-wrap elementor-element-populated\">\n\t\t\t\t\t\t<div class=\"elementor-element elementor-element-ec162f8 elementor-invisible elementor-widget elementor-widget-text-editor\" data-id=\"ec162f8\" data-element_type=\"widget\" data-e-type=\"widget\" data-settings=\"{&quot;_animation&quot;:&quot;nussFadeInUp&quot;}\" data-widget_type=\"text-editor.default\">\n\t\t\t\t<div class=\"elementor-widget-container\">\n\t\t\t\t\t\t\t\t\t<p>Entdecken Sie in diesen Erfahrungsberichten zauberhafte Familienurlaube, erholsame Spa-Aufenthalte und die pure Freude, von der Sch\u00f6nheit der Natur umgeben zu sein \u2013 und das alles im Komfort eines F\u00fcnf-Sterne-Resorts. Wir sind stolz auf jede unserer Geschichten, denn sie spiegeln unser Engagement wider, au\u00dfergew\u00f6hnliche Erlebnisse zu schaffen, die noch lange nach dem Auschecken in Erinnerung bleiben. Besuchen Sie uns im Chimelong Hotel und werden Sie Teil unserer stetig wachsenden Community zufriedener G\u00e4ste. Lesen Sie weiter und erfahren Sie, warum sich so viele in dieses einzigartige Reiseziel verliebt haben. Lassen Sie sich von ihren Erlebnissen zu Ihrem n\u00e4chsten unvergesslichen Ausflug in die Wildnis Guangzhous inspirieren!<\/p>\t\t\t\t\t\t\t\t<\/div>\n\t\t\t\t<\/div>\n\t\t\t\t\t<\/div>\n\t\t<\/div>\n\t\t\t\t\t<\/div>\n\t\t<\/section>\n\t\t\t\t<\/div>","protected":false},"excerpt":{"rendered":"<p>We want our guests to experience something special during their stays with us, as great experiences create great memories. Dive into the heart of unforgettable memories with the Customer Experiences &amp; Reviews for Chimelong Hotel, a luxurious haven nestled within the vibrant Chimelong Tourist Resort near Guangzhou Chimelong Safari Park. As one of the premier [&hellip;]<\/p>\n","protected":false},"author":1,"featured_media":0,"parent":0,"menu_order":0,"comment_status":"closed","ping_status":"closed","template":"","meta":{"footnotes":""},"class_list":["post-2106","page","type-page","status-publish","hentry","post-no-thumbnail"],"_links":{"self":[{"href":"https:\/\/chimelongsafaripark.com\/de\/wp-json\/wp\/v2\/pages\/2106","targetHints":{"allow":["GET"]}}],"collection":[{"href":"https:\/\/chimelongsafaripark.com\/de\/wp-json\/wp\/v2\/pages"}],"about":[{"href":"https:\/\/chimelongsafaripark.com\/de\/wp-json\/wp\/v2\/types\/page"}],"author":[{"embeddable":true,"href":"https:\/\/chimelongsafaripark.com\/de\/wp-json\/wp\/v2\/users\/1"}],"replies":[{"embeddable":true,"href":"https:\/\/chimelongsafaripark.com\/de\/wp-json\/wp\/v2\/comments?post=2106"}],"version-history":[{"count":0,"href":"https:\/\/chimelongsafaripark.com\/de\/wp-json\/wp\/v2\/pages\/2106\/revisions"}],"wp:attachment":[{"href":"https:\/\/chimelongsafaripark.com\/de\/wp-json\/wp\/v2\/media?parent=2106"}],"curies":[{"name":"wp","href":"https:\/\/api.w.org\/{rel}","templated":true}]}}